{"id":2692,"date":"2022-03-07T17:10:37","date_gmt":"2022-03-07T17:10:37","guid":{"rendered":"https:\/\/www.canariasimprovisa.com\/companies\/impromadrid-teatro\/"},"modified":"2024-10-10T13:27:31","modified_gmt":"2024-10-10T13:27:31","slug":"impromadrid-teatro","status":"publish","type":"page","link":"https:\/\/www.canariasimprovisa.com\/en\/companies\/impromadrid-teatro\/","title":{"rendered":"IMPROMADRID TEATRO"},"content":{"rendered":"\t\t<div data-elementor-type=\"wp-page\" data-elementor-id=\"2692\" class=\"elementor elementor-2692 elementor-707\" data-elementor-post-type=\"page\">\n\t\t\t\t\t\t<section class=\"elementor-section elementor-top-section elementor-element elementor-element-cff2e22 elementor-section-boxed elementor-section-height-default elementor-section-height-default\" data-id=\"cff2e22\" data-element_type=\"section\" data-settings=\"{&quot;background_background&quot;:&quot;classic&quot;,&quot;shape_divider_bottom&quot;:&quot;curve&quot;}\">\n\t\t\t\t\t\t\t<div class=\"elementor-background-overlay\"><\/div>\n\t\t\t\t\t\t<div class=\"elementor-shape elementor-shape-bottom\" aria-hidden=\"true\" data-negative=\"false\">\n\t\t\t<svg xmlns=\"http:\/\/www.w3.org\/2000\/svg\" viewBox=\"0 0 1000 100\" preserveAspectRatio=\"none\">\n    <path class=\"elementor-shape-fill\" d=\"M1000,4.3V0H0v4.3C0.9,23.1,126.7,99.2,500,100S1000,22.7,1000,4.3z\"\/>\n<\/svg>\t\t<\/div>\n\t\t\t\t\t<div class=\"elementor-container elementor-column-gap-default\">\n\t\t\t\t\t<div class=\"elementor-column elementor-col-100 elementor-top-column elementor-element elementor-element-1927d6b\" data-id=\"1927d6b\" data-element_type=\"column\">\n\t\t\t<div class=\"elementor-widget-wrap elementor-element-populated\">\n\t\t\t\t\t\t<section class=\"elementor-section elementor-inner-section elementor-element elementor-element-e60d3e6 elementor-section-boxed elementor-section-height-default elementor-section-height-default\" data-id=\"e60d3e6\" data-element_type=\"section\">\n\t\t\t\t\t\t<div class=\"elementor-container elementor-column-gap-default\">\n\t\t\t\t\t<div class=\"elementor-column elementor-col-100 elementor-inner-column elementor-element elementor-element-fbcad80\" data-id=\"fbcad80\" data-element_type=\"column\">\n\t\t\t<div class=\"elementor-widget-wrap elementor-element-populated\">\n\t\t\t\t\t\t<div class=\"elementor-element elementor-element-185c300 elementor-invisible elementor-widget elementor-widget-heading\" data-id=\"185c300\" data-element_type=\"widget\" data-settings=\"{&quot;_animation&quot;:&quot;fadeInUp&quot;}\" data-widget_type=\"heading.default\">\n\t\t\t\t<div class=\"elementor-widget-container\">\n\t\t\t\t\t<h1 class=\"elementor-heading-title elementor-size-large\">Companies<\/h1>\t\t\t\t<\/div>\n\t\t\t\t<\/div>\n\t\t\t\t<div class=\"elementor-element elementor-element-12e77be elementor-invisible elementor-widget elementor-widget-heading\" data-id=\"12e77be\" data-element_type=\"widget\" data-settings=\"{&quot;_animation&quot;:&quot;fadeIn&quot;}\" data-widget_type=\"heading.default\">\n\t\t\t\t<div class=\"elementor-widget-container\">\n\t\t\t\t\t<div class=\"elementor-heading-title elementor-size-xxl\">IMPROMADRID TEATRO<\/div>\t\t\t\t<\/div>\n\t\t\t\t<\/div>\n\t\t\t\t<div class=\"elementor-element elementor-element-bc29776 elementor-widget elementor-widget-text-editor\" data-id=\"bc29776\" data-element_type=\"widget\" data-widget_type=\"text-editor.default\">\n\t\t\t\t<div class=\"elementor-widget-container\">\n\t\t\t\t\t\t\t\t\t<p>With more than two decades of experience, Impromadrid Teatro has established itself as a world reference in theatrical improvisation.<\/p>\n\t\t\t\t\t\t\t\t<\/div>\n\t\t\t\t<\/div>\n\t\t\t\t\t<\/div>\n\t\t<\/div>\n\t\t\t\t\t<\/div>\n\t\t<\/section>\n\t\t\t\t<div class=\"elementor-element elementor-element-3fbddf2 elementor-widget elementor-widget-spacer\" data-id=\"3fbddf2\" data-element_type=\"widget\" data-widget_type=\"spacer.default\">\n\t\t\t\t<div class=\"elementor-widget-container\">\n\t\t\t\t\t\t\t<div class=\"elementor-spacer\">\n\t\t\t<div class=\"elementor-spacer-inner\"><\/div>\n\t\t<\/div>\n\t\t\t\t\t\t<\/div>\n\t\t\t\t<\/div>\n\t\t\t\t\t<\/div>\n\t\t<\/div>\n\t\t\t\t\t<\/div>\n\t\t<\/section>\n\t\t\t\t<section class=\"elementor-section elementor-top-section elementor-element elementor-element-05b4123 elementor-section-boxed elementor-section-height-default elementor-section-height-default\" data-id=\"05b4123\" data-element_type=\"section\" data-settings=\"{&quot;background_background&quot;:&quot;classic&quot;}\">\n\t\t\t\t\t\t<div class=\"elementor-container elementor-column-gap-default\">\n\t\t\t\t\t<div class=\"elementor-column elementor-col-100 elementor-top-column elementor-element elementor-element-f16d4fd\" data-id=\"f16d4fd\" data-element_type=\"column\">\n\t\t\t<div class=\"elementor-widget-wrap elementor-element-populated\">\n\t\t\t\t\t\t<div class=\"elementor-element elementor-element-ddcd2a5 elementor-invisible elementor-widget elementor-widget-heading\" data-id=\"ddcd2a5\" data-element_type=\"widget\" data-settings=\"{&quot;_animation&quot;:&quot;fadeInUp&quot;}\" data-widget_type=\"heading.default\">\n\t\t\t\t<div class=\"elementor-widget-container\">\n\t\t\t\t\t<h5 class=\"elementor-heading-title elementor-size-default\">Companies<\/h5>\t\t\t\t<\/div>\n\t\t\t\t<\/div>\n\t\t\t\t<div class=\"elementor-element elementor-element-5c6bf2e elementor-invisible elementor-widget elementor-widget-heading\" data-id=\"5c6bf2e\" data-element_type=\"widget\" data-settings=\"{&quot;_animation&quot;:&quot;fadeInUp&quot;}\" data-widget_type=\"heading.default\">\n\t\t\t\t<div class=\"elementor-widget-container\">\n\t\t\t\t\t<h2 class=\"elementor-heading-title elementor-size-default\">IMPROMADRID <span class=\"yellow\">TEATRO<\/span><\/h2>\t\t\t\t<\/div>\n\t\t\t\t<\/div>\n\t\t\t\t<section class=\"elementor-section elementor-inner-section elementor-element elementor-element-df3cd6a elementor-reverse-mobile elementor-section-boxed elementor-section-height-default elementor-section-height-default\" data-id=\"df3cd6a\" data-element_type=\"section\">\n\t\t\t\t\t\t<div class=\"elementor-container elementor-column-gap-default\">\n\t\t\t\t\t<div class=\"elementor-column elementor-col-66 elementor-inner-column elementor-element elementor-element-7c0266e elementor-invisible\" data-id=\"7c0266e\" data-element_type=\"column\" data-settings=\"{&quot;animation&quot;:&quot;fadeInLeft&quot;}\">\n\t\t\t<div class=\"elementor-widget-wrap elementor-element-populated\">\n\t\t\t\t\t\t<div class=\"elementor-element elementor-element-26788bd elementor-icon-list--layout-traditional elementor-list-item-link-full_width elementor-widget elementor-widget-icon-list\" data-id=\"26788bd\" data-element_type=\"widget\" data-widget_type=\"icon-list.default\">\n\t\t\t\t<div class=\"elementor-widget-container\">\n\t\t\t\t\t\t\t<ul class=\"elementor-icon-list-items\">\n\t\t\t\t\t\t\t<li class=\"elementor-icon-list-item\">\n\t\t\t\t\t\t\t\t\t\t\t<span class=\"elementor-icon-list-icon\">\n\t\t\t\t\t\t\t<i aria-hidden=\"true\" class=\"fas fa-map-marker-alt\"><\/i>\t\t\t\t\t\t<\/span>\n\t\t\t\t\t\t\t\t\t\t<span class=\"elementor-icon-list-text\">Origin: Madrid<\/span>\n\t\t\t\t\t\t\t\t\t<\/li>\n\t\t\t\t\t\t<\/ul>\n\t\t\t\t\t\t<\/div>\n\t\t\t\t<\/div>\n\t\t\t\t<div class=\"elementor-element elementor-element-9707bfb elementor-widget elementor-widget-text-editor\" data-id=\"9707bfb\" data-element_type=\"widget\" data-widget_type=\"text-editor.default\">\n\t\t\t\t<div class=\"elementor-widget-container\">\n\t\t\t\t\t\t\t\t\tWith more than two decades of experience, Impromadrid Teatro has established itself as a world reference in theatrical improvisation. Their commitment to quality and innovation has led them to travel to more than 15 countries, achieving success in prestigious international festivals. Impromadrid Teatro has been a pioneer in the creation of its own language and in the training of new generations of improvisers.  \n\n \t\t\t\t\t\t\t\t<\/div>\n\t\t\t\t<\/div>\n\t\t\t\t<div class=\"elementor-element elementor-element-b3e4046 elementor-align-left elementor-mobile-align-center elementor-widget elementor-widget-button\" data-id=\"b3e4046\" data-element_type=\"widget\" data-widget_type=\"button.default\">\n\t\t\t\t<div class=\"elementor-widget-container\">\n\t\t\t\t\t\t\t\t\t<div class=\"elementor-button-wrapper\">\n\t\t\t\t\t<a class=\"elementor-button elementor-button-link elementor-size-sm\" href=\"https:\/\/www.impromadrid.com\/\" target=\"_blank\">\n\t\t\t\t\t\t<span class=\"elementor-button-content-wrapper\">\n\t\t\t\t\t\t\t\t\t<span class=\"elementor-button-text\">See company<\/span>\n\t\t\t\t\t<\/span>\n\t\t\t\t\t<\/a>\n\t\t\t\t<\/div>\n\t\t\t\t\t\t\t\t<\/div>\n\t\t\t\t<\/div>\n\t\t\t\t\t<\/div>\n\t\t<\/div>\n\t\t\t\t<div class=\"elementor-column elementor-col-33 elementor-inner-column elementor-element elementor-element-db23e4f\" data-id=\"db23e4f\" data-element_type=\"column\">\n\t\t\t<div class=\"elementor-widget-wrap elementor-element-populated\">\n\t\t\t\t\t\t<div class=\"elementor-element elementor-element-d6280d1 elementor-invisible elementor-widget elementor-widget-image\" data-id=\"d6280d1\" data-element_type=\"widget\" data-settings=\"{&quot;_animation&quot;:&quot;zoomIn&quot;}\" data-widget_type=\"image.default\">\n\t\t\t\t<div class=\"elementor-widget-container\">\n\t\t\t\t\t\t\t\t\t\t\t\t\t\t\t<img fetchpriority=\"high\" decoding=\"async\" width=\"1000\" height=\"563\" src=\"https:\/\/www.canariasimprovisa.com\/wp-content\/uploads\/2024\/09\/impromadrid-teatro-2024.webp\" class=\"attachment-full size-full wp-image-5431\" alt=\"\" srcset=\"https:\/\/www.canariasimprovisa.com\/wp-content\/uploads\/2024\/09\/impromadrid-teatro-2024.webp 1000w, https:\/\/www.canariasimprovisa.com\/wp-content\/uploads\/2024\/09\/impromadrid-teatro-2024-300x169.webp 300w, https:\/\/www.canariasimprovisa.com\/wp-content\/uploads\/2024\/09\/impromadrid-teatro-2024-768x432.webp 768w\" sizes=\"(max-width: 1000px) 100vw, 1000px\" \/>\t\t\t\t\t\t\t\t\t\t\t\t\t\t\t<\/div>\n\t\t\t\t<\/div>\n\t\t\t\t\t<\/div>\n\t\t<\/div>\n\t\t\t\t\t<\/div>\n\t\t<\/section>\n\t\t\t\t<div class=\"elementor-element elementor-element-d1f9fa0 elementor-invisible elementor-widget elementor-widget-heading\" data-id=\"d1f9fa0\" data-element_type=\"widget\" data-settings=\"{&quot;_animation&quot;:&quot;fadeInUp&quot;}\" data-widget_type=\"heading.default\">\n\t\t\t\t<div class=\"elementor-widget-container\">\n\t\t\t\t\t<h2 class=\"elementor-heading-title elementor-size-default\">The <span class=\"yellow\">Show<\/span><\/h2>\t\t\t\t<\/div>\n\t\t\t\t<\/div>\n\t\t\t\t<section class=\"elementor-section elementor-inner-section elementor-element elementor-element-12d4cf4 elementor-section-content-middle elementor-section-boxed elementor-section-height-default elementor-section-height-default\" data-id=\"12d4cf4\" data-element_type=\"section\">\n\t\t\t\t\t\t<div class=\"elementor-container elementor-column-gap-no\">\n\t\t\t\t\t<div class=\"elementor-column elementor-col-50 elementor-inner-column elementor-element elementor-element-a3a4e2a\" data-id=\"a3a4e2a\" data-element_type=\"column\">\n\t\t\t<div class=\"elementor-widget-wrap elementor-element-populated\">\n\t\t\t\t\t\t<div class=\"elementor-element elementor-element-ed2a7ab elementor-invisible elementor-widget elementor-widget-image\" data-id=\"ed2a7ab\" data-element_type=\"widget\" data-settings=\"{&quot;_animation&quot;:&quot;zoomIn&quot;}\" data-widget_type=\"image.default\">\n\t\t\t\t<div class=\"elementor-widget-container\">\n\t\t\t\t\t\t\t\t\t\t\t\t\t\t\t<img decoding=\"async\" width=\"768\" height=\"1086\" src=\"https:\/\/www.canariasimprovisa.com\/wp-content\/uploads\/2024\/09\/impromadrid-teatro-tropiezos-2024-768x1086.webp\" class=\"attachment-medium_large size-medium_large wp-image-5434\" alt=\"\" srcset=\"https:\/\/www.canariasimprovisa.com\/wp-content\/uploads\/2024\/09\/impromadrid-teatro-tropiezos-2024-768x1086.webp 768w, https:\/\/www.canariasimprovisa.com\/wp-content\/uploads\/2024\/09\/impromadrid-teatro-tropiezos-2024-212x300.webp 212w, https:\/\/www.canariasimprovisa.com\/wp-content\/uploads\/2024\/09\/impromadrid-teatro-tropiezos-2024-724x1024.webp 724w, https:\/\/www.canariasimprovisa.com\/wp-content\/uploads\/2024\/09\/impromadrid-teatro-tropiezos-2024.webp 1000w\" sizes=\"(max-width: 768px) 100vw, 768px\" \/>\t\t\t\t\t\t\t\t\t\t\t\t\t\t\t<\/div>\n\t\t\t\t<\/div>\n\t\t\t\t\t<\/div>\n\t\t<\/div>\n\t\t\t\t<div class=\"elementor-column elementor-col-50 elementor-inner-column elementor-element elementor-element-cdb9909 elementor-invisible\" data-id=\"cdb9909\" data-element_type=\"column\" data-settings=\"{&quot;animation&quot;:&quot;fadeInRight&quot;}\">\n\t\t\t<div class=\"elementor-widget-wrap elementor-element-populated\">\n\t\t\t\t\t\t<div class=\"elementor-element elementor-element-2fb2d7e elementor-widget elementor-widget-heading\" data-id=\"2fb2d7e\" data-element_type=\"widget\" data-widget_type=\"heading.default\">\n\t\t\t\t<div class=\"elementor-widget-container\">\n\t\t\t\t\t<h3 class=\"elementor-heading-title elementor-size-xl\">HE WHO STUMBLES AND DOES NOT FALL<\/h3>\t\t\t\t<\/div>\n\t\t\t\t<\/div>\n\t\t\t\t<div class=\"elementor-element elementor-element-c518c6a elementor-widget-divider--view-line elementor-widget elementor-widget-divider\" data-id=\"c518c6a\" data-element_type=\"widget\" data-widget_type=\"divider.default\">\n\t\t\t\t<div class=\"elementor-widget-container\">\n\t\t\t\t\t\t\t<div class=\"elementor-divider\">\n\t\t\t<span class=\"elementor-divider-separator\">\n\t\t\t\t\t\t<\/span>\n\t\t<\/div>\n\t\t\t\t\t\t<\/div>\n\t\t\t\t<\/div>\n\t\t\t\t<div class=\"elementor-element elementor-element-df3b367 elementor-widget elementor-widget-text-editor\" data-id=\"df3b367\" data-element_type=\"widget\" data-widget_type=\"text-editor.default\">\n\t\t\t\t<div class=\"elementor-widget-container\">\n\t\t\t\t\t\t\t\t\tWho said that making mistakes is forbidden? In El que tropieza y no cae Impromadrid invites you on a journey full of laughter and surprises where mistakes are the protagonist and creativity is the key. As the saying goes &#8220;He who stumbles and does not fall&#8230; goes forward&#8221;. A cartoonist, a musician and five actors improvising live from your suggestions, put together this wonderful improvised comedy in which each performance is unique. With Ana Morgade, Paloma C\u00f3rdoba, Borja Cort\u00e9s, Ignacio Soriano, Ignacio L\u00f3pez and Luis de Pablo (musician\/improviser).   \n\n \t\t\t\t\t\t\t\t<\/div>\n\t\t\t\t<\/div>\n\t\t\t\t<div class=\"elementor-element elementor-element-a8b1e1d elementor-align-left elementor-widget elementor-widget-button\" data-id=\"a8b1e1d\" data-element_type=\"widget\" data-widget_type=\"button.default\">\n\t\t\t\t<div class=\"elementor-widget-container\">\n\t\t\t\t\t\t\t\t\t<div class=\"elementor-button-wrapper\">\n\t\t\t\t\t<a class=\"elementor-button elementor-button-link elementor-size-sm\" href=\"https:\/\/tickety.es\/event\/iii-canarias-improvisa-impromadrid-el-que-tropieza-y-no-cae\" target=\"_blank\">\n\t\t\t\t\t\t<span class=\"elementor-button-content-wrapper\">\n\t\t\t\t\t\t\t\t\t<span class=\"elementor-button-text\">Buy Tickets (Teatro Leal)<\/span>\n\t\t\t\t\t<\/span>\n\t\t\t\t\t<\/a>\n\t\t\t\t<\/div>\n\t\t\t\t\t\t\t\t<\/div>\n\t\t\t\t<\/div>\n\t\t\t\t<div class=\"elementor-element elementor-element-d10bc6f elementor-align-left elementor-widget elementor-widget-button\" data-id=\"d10bc6f\" data-element_type=\"widget\" data-widget_type=\"button.default\">\n\t\t\t\t<div class=\"elementor-widget-container\">\n\t\t\t\t\t\t\t\t\t<div class=\"elementor-button-wrapper\">\n\t\t\t\t\t<a class=\"elementor-button elementor-button-link elementor-size-sm\" href=\"https:\/\/www.tomaticket.es\/index.php?accion=evento&#038;mapa=1&#038;IdEvento=773639&#038;IdSesion=826546&#038;accion2=butacas&#038;IdZona=1\" target=\"_blank\">\n\t\t\t\t\t\t<span class=\"elementor-button-content-wrapper\">\n\t\t\t\t\t\t\t\t\t<span class=\"elementor-button-text\">Buy Tickets (Adeje Auditorium)<\/span>\n\t\t\t\t\t<\/span>\n\t\t\t\t\t<\/a>\n\t\t\t\t<\/div>\n\t\t\t\t\t\t\t\t<\/div>\n\t\t\t\t<\/div>\n\t\t\t\t\t<\/div>\n\t\t<\/div>\n\t\t\t\t\t<\/div>\n\t\t<\/section>\n\t\t\t\t<section class=\"elementor-section elementor-inner-section elementor-element elementor-element-0716015 elementor-section-content-middle elementor-section-boxed elementor-section-height-default elementor-section-height-default\" data-id=\"0716015\" data-element_type=\"section\">\n\t\t\t\t\t\t<div class=\"elementor-container elementor-column-gap-no\">\n\t\t\t\t\t<div class=\"elementor-column elementor-col-100 elementor-inner-column elementor-element elementor-element-a108c1c\" data-id=\"a108c1c\" data-element_type=\"column\">\n\t\t\t<div class=\"elementor-widget-wrap elementor-element-populated\">\n\t\t\t\t\t\t<div class=\"elementor-element elementor-element-0b058ca elementor-widget elementor-widget-video\" data-id=\"0b058ca\" data-element_type=\"widget\" data-settings=\"{&quot;youtube_url&quot;:&quot;https:\\\/\\\/youtu.be\\\/Or9TSWKIUwg&quot;,&quot;video_type&quot;:&quot;youtube&quot;,&quot;controls&quot;:&quot;yes&quot;}\" data-widget_type=\"video.default\">\n\t\t\t\t<div class=\"elementor-widget-container\">\n\t\t\t\t\t\t\t<div class=\"elementor-wrapper elementor-open-inline\">\n\t\t\t<div class=\"elementor-video\"><\/div>\t\t<\/div>\n\t\t\t\t\t\t<\/div>\n\t\t\t\t<\/div>\n\t\t\t\t\t<\/div>\n\t\t<\/div>\n\t\t\t\t\t<\/div>\n\t\t<\/section>\n\t\t\t\t\t<\/div>\n\t\t<\/div>\n\t\t\t\t\t<\/div>\n\t\t<\/section>\n\t\t\t\t<\/div>\n\t\t","protected":false},"excerpt":{"rendered":"<p>Companies IMPROMADRID TEATRO With more than two decades of experience, Impromadrid Teatro has established itself as a world reference in theatrical improvisation. Companies IMPROMADRID TEATRO Origin: Madrid With more than two decades of experience, Impromadrid Teatro has established itself as a world reference in theatrical improvisation. Their commitment to quality and innovation has led them [&hellip;]<\/p>\n","protected":false},"author":1,"featured_media":0,"parent":2663,"menu_order":0,"comment_status":"closed","ping_status":"closed","template":"elementor_header_footer","meta":{"footnotes":""},"class_list":["post-2692","page","type-page","status-publish","hentry"],"yoast_head":"<!-- This site is optimized with the Yoast SEO plugin v26.8 - https:\/\/yoast.com\/product\/yoast-seo-wordpress\/ -->\n<title>ImproMadrid Teatro Canarias Improvisa. Company participating in the festival<\/title>\n<meta name=\"description\" content=\"ImproMadrid Teatro is one of the companies participating in the Canarias Improvisa festival of theatrical improvisation. Discover their workshops.\" \/>\n<meta name=\"robots\" content=\"index, follow, max-snippet:-1, max-image-preview:large, max-video-preview:-1\" \/>\n<link rel=\"canonical\" href=\"https:\/\/www.canariasimprovisa.com\/en\/companies\/impromadrid-teatro\/\" \/>\n<meta property=\"og:locale\" content=\"en_US\" \/>\n<meta property=\"og:type\" content=\"article\" \/>\n<meta property=\"og:title\" content=\"ImproMadrid Teatro Canarias Improvisa. Company participating in the festival\" \/>\n<meta property=\"og:description\" content=\"ImproMadrid Teatro is one of the companies participating in the Canarias Improvisa festival of theatrical improvisation. Discover their workshops.\" \/>\n<meta property=\"og:url\" content=\"https:\/\/www.canariasimprovisa.com\/en\/companies\/impromadrid-teatro\/\" \/>\n<meta property=\"og:site_name\" content=\"Festival Impro\" \/>\n<meta property=\"article:modified_time\" content=\"2024-10-10T13:27:31+00:00\" \/>\n<meta property=\"og:image\" content=\"https:\/\/www.canariasimprovisa.com\/wp-content\/uploads\/2024\/09\/impromadrid-teatro-2024.webp\" \/>\n\t<meta property=\"og:image:width\" content=\"1000\" \/>\n\t<meta property=\"og:image:height\" content=\"563\" \/>\n\t<meta property=\"og:image:type\" content=\"image\/webp\" \/>\n<meta name=\"twitter:card\" content=\"summary_large_image\" \/>\n<meta name=\"twitter:label1\" content=\"Est. reading time\" \/>\n\t<meta name=\"twitter:data1\" content=\"1 minute\" \/>\n<script type=\"application\/ld+json\" class=\"yoast-schema-graph\">{\"@context\":\"https:\/\/schema.org\",\"@graph\":[{\"@type\":\"WebPage\",\"@id\":\"https:\/\/www.canariasimprovisa.com\/en\/companies\/impromadrid-teatro\/\",\"url\":\"https:\/\/www.canariasimprovisa.com\/en\/companies\/impromadrid-teatro\/\",\"name\":\"ImproMadrid Teatro Canarias Improvisa. Company participating in the festival\",\"isPartOf\":{\"@id\":\"https:\/\/www.canariasimprovisa.com\/en\/#website\"},\"primaryImageOfPage\":{\"@id\":\"https:\/\/www.canariasimprovisa.com\/en\/companies\/impromadrid-teatro\/#primaryimage\"},\"image\":{\"@id\":\"https:\/\/www.canariasimprovisa.com\/en\/companies\/impromadrid-teatro\/#primaryimage\"},\"thumbnailUrl\":\"https:\/\/www.canariasimprovisa.com\/wp-content\/uploads\/2024\/09\/impromadrid-teatro-2024.webp\",\"datePublished\":\"2022-03-07T17:10:37+00:00\",\"dateModified\":\"2024-10-10T13:27:31+00:00\",\"description\":\"ImproMadrid Teatro is one of the companies participating in the Canarias Improvisa festival of theatrical improvisation. Discover their workshops.\",\"breadcrumb\":{\"@id\":\"https:\/\/www.canariasimprovisa.com\/en\/companies\/impromadrid-teatro\/#breadcrumb\"},\"inLanguage\":\"en-US\",\"potentialAction\":[{\"@type\":\"ReadAction\",\"target\":[\"https:\/\/www.canariasimprovisa.com\/en\/companies\/impromadrid-teatro\/\"]}]},{\"@type\":\"ImageObject\",\"inLanguage\":\"en-US\",\"@id\":\"https:\/\/www.canariasimprovisa.com\/en\/companies\/impromadrid-teatro\/#primaryimage\",\"url\":\"https:\/\/www.canariasimprovisa.com\/wp-content\/uploads\/2024\/09\/impromadrid-teatro-2024.webp\",\"contentUrl\":\"https:\/\/www.canariasimprovisa.com\/wp-content\/uploads\/2024\/09\/impromadrid-teatro-2024.webp\"},{\"@type\":\"BreadcrumbList\",\"@id\":\"https:\/\/www.canariasimprovisa.com\/en\/companies\/impromadrid-teatro\/#breadcrumb\",\"itemListElement\":[{\"@type\":\"ListItem\",\"position\":1,\"name\":\"Portada\",\"item\":\"https:\/\/www.canariasimprovisa.com\/en\/\"},{\"@type\":\"ListItem\",\"position\":2,\"name\":\"Companies\",\"item\":\"https:\/\/www.canariasimprovisa.com\/en\/companias\/\"},{\"@type\":\"ListItem\",\"position\":3,\"name\":\"IMPROMADRID TEATRO\"}]},{\"@type\":\"WebSite\",\"@id\":\"https:\/\/www.canariasimprovisa.com\/en\/#website\",\"url\":\"https:\/\/www.canariasimprovisa.com\/en\/\",\"name\":\"Festival Impro\",\"description\":\"Festival de Improvisaci\u00f3n de Canarias.\",\"potentialAction\":[{\"@type\":\"SearchAction\",\"target\":{\"@type\":\"EntryPoint\",\"urlTemplate\":\"https:\/\/www.canariasimprovisa.com\/en\/?s={search_term_string}\"},\"query-input\":{\"@type\":\"PropertyValueSpecification\",\"valueRequired\":true,\"valueName\":\"search_term_string\"}}],\"inLanguage\":\"en-US\"}]}<\/script>\n<!-- \/ Yoast SEO plugin. -->","yoast_head_json":{"title":"ImproMadrid Teatro Canarias Improvisa. Company participating in the festival","description":"ImproMadrid Teatro is one of the companies participating in the Canarias Improvisa festival of theatrical improvisation. Discover their workshops.","robots":{"index":"index","follow":"follow","max-snippet":"max-snippet:-1","max-image-preview":"max-image-preview:large","max-video-preview":"max-video-preview:-1"},"canonical":"https:\/\/www.canariasimprovisa.com\/en\/companies\/impromadrid-teatro\/","og_locale":"en_US","og_type":"article","og_title":"ImproMadrid Teatro Canarias Improvisa. Company participating in the festival","og_description":"ImproMadrid Teatro is one of the companies participating in the Canarias Improvisa festival of theatrical improvisation. Discover their workshops.","og_url":"https:\/\/www.canariasimprovisa.com\/en\/companies\/impromadrid-teatro\/","og_site_name":"Festival Impro","article_modified_time":"2024-10-10T13:27:31+00:00","og_image":[{"width":1000,"height":563,"url":"https:\/\/www.canariasimprovisa.com\/wp-content\/uploads\/2024\/09\/impromadrid-teatro-2024.webp","type":"image\/webp"}],"twitter_card":"summary_large_image","twitter_misc":{"Est. reading time":"1 minute"},"schema":{"@context":"https:\/\/schema.org","@graph":[{"@type":"WebPage","@id":"https:\/\/www.canariasimprovisa.com\/en\/companies\/impromadrid-teatro\/","url":"https:\/\/www.canariasimprovisa.com\/en\/companies\/impromadrid-teatro\/","name":"ImproMadrid Teatro Canarias Improvisa. Company participating in the festival","isPartOf":{"@id":"https:\/\/www.canariasimprovisa.com\/en\/#website"},"primaryImageOfPage":{"@id":"https:\/\/www.canariasimprovisa.com\/en\/companies\/impromadrid-teatro\/#primaryimage"},"image":{"@id":"https:\/\/www.canariasimprovisa.com\/en\/companies\/impromadrid-teatro\/#primaryimage"},"thumbnailUrl":"https:\/\/www.canariasimprovisa.com\/wp-content\/uploads\/2024\/09\/impromadrid-teatro-2024.webp","datePublished":"2022-03-07T17:10:37+00:00","dateModified":"2024-10-10T13:27:31+00:00","description":"ImproMadrid Teatro is one of the companies participating in the Canarias Improvisa festival of theatrical improvisation. Discover their workshops.","breadcrumb":{"@id":"https:\/\/www.canariasimprovisa.com\/en\/companies\/impromadrid-teatro\/#breadcrumb"},"inLanguage":"en-US","potentialAction":[{"@type":"ReadAction","target":["https:\/\/www.canariasimprovisa.com\/en\/companies\/impromadrid-teatro\/"]}]},{"@type":"ImageObject","inLanguage":"en-US","@id":"https:\/\/www.canariasimprovisa.com\/en\/companies\/impromadrid-teatro\/#primaryimage","url":"https:\/\/www.canariasimprovisa.com\/wp-content\/uploads\/2024\/09\/impromadrid-teatro-2024.webp","contentUrl":"https:\/\/www.canariasimprovisa.com\/wp-content\/uploads\/2024\/09\/impromadrid-teatro-2024.webp"},{"@type":"BreadcrumbList","@id":"https:\/\/www.canariasimprovisa.com\/en\/companies\/impromadrid-teatro\/#breadcrumb","itemListElement":[{"@type":"ListItem","position":1,"name":"Portada","item":"https:\/\/www.canariasimprovisa.com\/en\/"},{"@type":"ListItem","position":2,"name":"Companies","item":"https:\/\/www.canariasimprovisa.com\/en\/companias\/"},{"@type":"ListItem","position":3,"name":"IMPROMADRID TEATRO"}]},{"@type":"WebSite","@id":"https:\/\/www.canariasimprovisa.com\/en\/#website","url":"https:\/\/www.canariasimprovisa.com\/en\/","name":"Festival Impro","description":"Festival de Improvisaci\u00f3n de Canarias.","potentialAction":[{"@type":"SearchAction","target":{"@type":"EntryPoint","urlTemplate":"https:\/\/www.canariasimprovisa.com\/en\/?s={search_term_string}"},"query-input":{"@type":"PropertyValueSpecification","valueRequired":true,"valueName":"search_term_string"}}],"inLanguage":"en-US"}]}},"_links":{"self":[{"href":"https:\/\/www.canariasimprovisa.com\/en\/wp-json\/wp\/v2\/pages\/2692","targetHints":{"allow":["GET"]}}],"collection":[{"href":"https:\/\/www.canariasimprovisa.com\/en\/wp-json\/wp\/v2\/pages"}],"about":[{"href":"https:\/\/www.canariasimprovisa.com\/en\/wp-json\/wp\/v2\/types\/page"}],"author":[{"embeddable":true,"href":"https:\/\/www.canariasimprovisa.com\/en\/wp-json\/wp\/v2\/users\/1"}],"replies":[{"embeddable":true,"href":"https:\/\/www.canariasimprovisa.com\/en\/wp-json\/wp\/v2\/comments?post=2692"}],"version-history":[{"count":5,"href":"https:\/\/www.canariasimprovisa.com\/en\/wp-json\/wp\/v2\/pages\/2692\/revisions"}],"predecessor-version":[{"id":6038,"href":"https:\/\/www.canariasimprovisa.com\/en\/wp-json\/wp\/v2\/pages\/2692\/revisions\/6038"}],"up":[{"embeddable":true,"href":"https:\/\/www.canariasimprovisa.com\/en\/wp-json\/wp\/v2\/pages\/2663"}],"wp:attachment":[{"href":"https:\/\/www.canariasimprovisa.com\/en\/wp-json\/wp\/v2\/media?parent=2692"}],"curies":[{"name":"wp","href":"https:\/\/api.w.org\/{rel}","templated":true}]}}