{"id":2772,"date":"2022-03-24T12:48:21","date_gmt":"2022-03-24T12:48:21","guid":{"rendered":"https:\/\/www.canariasimprovisa.com\/bedingungen-fuer-den-kauf\/"},"modified":"2023-04-25T10:04:18","modified_gmt":"2023-04-25T10:04:18","slug":"bedingungen-fuer-den-kauf","status":"publish","type":"page","link":"https:\/\/www.canariasimprovisa.com\/de\/bedingungen-fuer-den-kauf\/","title":{"rendered":"Bedingungen f\u00fcr den Kauf"},"content":{"rendered":"\t\t<div data-elementor-type=\"wp-page\" data-elementor-id=\"2772\" class=\"elementor elementor-2772 elementor-1812\" data-elementor-post-type=\"page\">\n\t\t\t\t\t\t<section class=\"elementor-section elementor-top-section elementor-element elementor-element-4a2c020 elementor-section-boxed elementor-section-height-default elementor-section-height-default\" data-id=\"4a2c020\" data-element_type=\"section\" data-settings=\"{&quot;background_background&quot;:&quot;classic&quot;,&quot;shape_divider_bottom&quot;:&quot;curve&quot;}\">\n\t\t\t\t\t\t\t<div class=\"elementor-background-overlay\"><\/div>\n\t\t\t\t\t\t<div class=\"elementor-shape elementor-shape-bottom\" aria-hidden=\"true\" data-negative=\"false\">\n\t\t\t<svg xmlns=\"http:\/\/www.w3.org\/2000\/svg\" viewBox=\"0 0 1000 100\" preserveAspectRatio=\"none\">\n    <path class=\"elementor-shape-fill\" d=\"M1000,4.3V0H0v4.3C0.9,23.1,126.7,99.2,500,100S1000,22.7,1000,4.3z\"\/>\n<\/svg>\t\t<\/div>\n\t\t\t\t\t<div class=\"elementor-container elementor-column-gap-default\">\n\t\t\t\t\t<div class=\"elementor-column elementor-col-100 elementor-top-column elementor-element elementor-element-9f89119\" data-id=\"9f89119\" data-element_type=\"column\">\n\t\t\t<div class=\"elementor-widget-wrap elementor-element-populated\">\n\t\t\t\t\t\t<section class=\"elementor-section elementor-inner-section elementor-element elementor-element-114c738 elementor-section-boxed elementor-section-height-default elementor-section-height-default\" data-id=\"114c738\" data-element_type=\"section\">\n\t\t\t\t\t\t<div class=\"elementor-container elementor-column-gap-default\">\n\t\t\t\t\t<div class=\"elementor-column elementor-col-100 elementor-inner-column elementor-element elementor-element-11e2093\" data-id=\"11e2093\" data-element_type=\"column\">\n\t\t\t<div class=\"elementor-widget-wrap elementor-element-populated\">\n\t\t\t\t\t\t<div class=\"elementor-element elementor-element-29c8245 elementor-invisible elementor-widget elementor-widget-heading\" data-id=\"29c8245\" data-element_type=\"widget\" data-settings=\"{&quot;_animation&quot;:&quot;fadeInUp&quot;}\" data-widget_type=\"heading.default\">\n\t\t\t\t<div class=\"elementor-widget-container\">\n\t\t\t\t\t<h1 class=\"elementor-heading-title elementor-size-large\">KANARIENVOGEL IMPROVISIERT<\/h1>\t\t\t\t<\/div>\n\t\t\t\t<\/div>\n\t\t\t\t<div class=\"elementor-element elementor-element-c2859bf elementor-invisible elementor-widget elementor-widget-heading\" data-id=\"c2859bf\" data-element_type=\"widget\" data-settings=\"{&quot;_animation&quot;:&quot;fadeIn&quot;}\" data-widget_type=\"heading.default\">\n\t\t\t\t<div class=\"elementor-widget-container\">\n\t\t\t\t\t<div class=\"elementor-heading-title elementor-size-xxl\">Bedingungen f\u00fcr den Kauf<\/div>\t\t\t\t<\/div>\n\t\t\t\t<\/div>\n\t\t\t\t\t<\/div>\n\t\t<\/div>\n\t\t\t\t\t<\/div>\n\t\t<\/section>\n\t\t\t\t<div class=\"elementor-element elementor-element-6e50010 elementor-widget elementor-widget-spacer\" data-id=\"6e50010\" data-element_type=\"widget\" data-widget_type=\"spacer.default\">\n\t\t\t\t<div class=\"elementor-widget-container\">\n\t\t\t\t\t\t\t<div class=\"elementor-spacer\">\n\t\t\t<div class=\"elementor-spacer-inner\"><\/div>\n\t\t<\/div>\n\t\t\t\t\t\t<\/div>\n\t\t\t\t<\/div>\n\t\t\t\t\t<\/div>\n\t\t<\/div>\n\t\t\t\t\t<\/div>\n\t\t<\/section>\n\t\t\t\t<section class=\"elementor-section elementor-top-section elementor-element elementor-element-f98a40e elementor-section-boxed elementor-section-height-default elementor-section-height-default\" data-id=\"f98a40e\" data-element_type=\"section\">\n\t\t\t\t\t\t<div class=\"elementor-container elementor-column-gap-default\">\n\t\t\t\t\t<div class=\"elementor-column elementor-col-100 elementor-top-column elementor-element elementor-element-c7b103b\" data-id=\"c7b103b\" data-element_type=\"column\">\n\t\t\t<div class=\"elementor-widget-wrap elementor-element-populated\">\n\t\t\t\t\t\t<div class=\"elementor-element elementor-element-63b4aab legales elementor-widget elementor-widget-text-editor\" data-id=\"63b4aab\" data-element_type=\"widget\" data-widget_type=\"text-editor.default\">\n\t\t\t\t<div class=\"elementor-widget-container\">\n\t\t\t\t\t\t\t\t\t<p>Der Online-Kauf von Eintrittskarten erfolgt \u00fcber die folgenden externen Plattformen: ( <a href=\"https:\/\/tickety.es\/\">TICKETY WEB S.L.<\/a>) und<a href=\"https:\/\/www.entradasatualcance.com\/privacy-policy\">(TECTELTIC ON-LINE, S.L.<\/a>), daher sind Sie f\u00fcr die Daten, die Sie f\u00fcr den Kauf angeben, verantwortlich.<\/p>\n<\/p>\n<p>Eink\u00e4ufe, die von unseren Nutzern \u00fcber externe Plattformen (TICKETY WEB S.L.) und (TECTELTIC ON-LIN, S.L.) get\u00e4tigt werden, unterliegen den Bedingungen (&#8222;Die Bedingungen&#8220;), die im folgenden Link beschrieben sind: <a href=\"https:\/\/tickety.es\/avisos-legales\/\">https:\/\/tickety.es\/avisos-legales\/<\/a> und in <a href=\"https:\/\/www.entradasatualcance.com\/privacy-policy\">https:\/\/www.entradasatualcance.com\/privacy-policy<\/a>.<\/p><\/p>\n\t\t\t\t\t\t\t\t<\/div>\n\t\t\t\t<\/div>\n\t\t\t\t\t<\/div>\n\t\t<\/div>\n\t\t\t\t\t<\/div>\n\t\t<\/section>\n\t\t\t\t<\/div>\n\t\t","protected":false},"excerpt":{"rendered":"<p>KANARIENVOGEL IMPROVISIERT Bedingungen f\u00fcr den Kauf Der Online-Kauf von Eintrittskarten erfolgt \u00fcber die folgenden externen Plattformen: ( TICKETY WEB S.L.) und(TECTELTIC ON-LINE, S.L.), daher sind Sie f\u00fcr die Daten, die Sie f\u00fcr den Kauf angeben, verantwortlich. Eink\u00e4ufe, die von unseren Nutzern \u00fcber externe Plattformen (TICKETY WEB S.L.) und (TECTELTIC ON-LIN, S.L.) get\u00e4tigt werden, unterliegen den [&hellip;]<\/p>\n","protected":false},"author":1,"featured_media":0,"parent":0,"menu_order":0,"comment_status":"closed","ping_status":"closed","template":"elementor_header_footer","meta":{"footnotes":""},"class_list":["post-2772","page","type-page","status-publish","hentry"],"yoast_head":"<!-- This site is optimized with the Yoast SEO plugin v26.8 - https:\/\/yoast.com\/product\/yoast-seo-wordpress\/ -->\n<title>Bedingungen f\u00fcr den Kauf - Festival Impro<\/title>\n<meta name=\"robots\" content=\"index, follow, max-snippet:-1, max-image-preview:large, max-video-preview:-1\" \/>\n<link rel=\"canonical\" href=\"https:\/\/www.canariasimprovisa.com\/de\/bedingungen-fuer-den-kauf\/\" \/>\n<meta property=\"og:locale\" content=\"de_DE\" \/>\n<meta property=\"og:type\" content=\"article\" \/>\n<meta property=\"og:title\" content=\"Bedingungen f\u00fcr den Kauf - Festival Impro\" \/>\n<meta property=\"og:description\" content=\"KANARIENVOGEL IMPROVISIERT Bedingungen f\u00fcr den Kauf Der Online-Kauf von Eintrittskarten erfolgt \u00fcber die folgenden externen Plattformen: ( TICKETY WEB S.L.) und(TECTELTIC ON-LINE, S.L.), daher sind Sie f\u00fcr die Daten, die Sie f\u00fcr den Kauf angeben, verantwortlich. Eink\u00e4ufe, die von unseren Nutzern \u00fcber externe Plattformen (TICKETY WEB S.L.) und (TECTELTIC ON-LIN, S.L.) get\u00e4tigt werden, unterliegen den [&hellip;]\" \/>\n<meta property=\"og:url\" content=\"https:\/\/www.canariasimprovisa.com\/de\/bedingungen-fuer-den-kauf\/\" \/>\n<meta property=\"og:site_name\" content=\"Festival Impro\" \/>\n<meta property=\"article:modified_time\" content=\"2023-04-25T10:04:18+00:00\" \/>\n<meta property=\"og:image\" content=\"https:\/\/www.canariasimprovisa.com\/wp-content\/uploads\/2022\/03\/Logo-Nudo-Cartel-WEB.png\" \/>\n\t<meta property=\"og:image:width\" content=\"3546\" \/>\n\t<meta property=\"og:image:height\" content=\"1313\" \/>\n\t<meta property=\"og:image:type\" content=\"image\/png\" \/>\n<meta name=\"twitter:card\" content=\"summary_large_image\" \/>\n<script type=\"application\/ld+json\" class=\"yoast-schema-graph\">{\"@context\":\"https:\/\/schema.org\",\"@graph\":[{\"@type\":\"WebPage\",\"@id\":\"https:\/\/www.canariasimprovisa.com\/de\/bedingungen-fuer-den-kauf\/\",\"url\":\"https:\/\/www.canariasimprovisa.com\/de\/bedingungen-fuer-den-kauf\/\",\"name\":\"Bedingungen f\u00fcr den Kauf - Festival Impro\",\"isPartOf\":{\"@id\":\"https:\/\/www.canariasimprovisa.com\/de\/#website\"},\"datePublished\":\"2022-03-24T12:48:21+00:00\",\"dateModified\":\"2023-04-25T10:04:18+00:00\",\"breadcrumb\":{\"@id\":\"https:\/\/www.canariasimprovisa.com\/de\/bedingungen-fuer-den-kauf\/#breadcrumb\"},\"inLanguage\":\"de\",\"potentialAction\":[{\"@type\":\"ReadAction\",\"target\":[\"https:\/\/www.canariasimprovisa.com\/de\/bedingungen-fuer-den-kauf\/\"]}]},{\"@type\":\"BreadcrumbList\",\"@id\":\"https:\/\/www.canariasimprovisa.com\/de\/bedingungen-fuer-den-kauf\/#breadcrumb\",\"itemListElement\":[{\"@type\":\"ListItem\",\"position\":1,\"name\":\"Portada\",\"item\":\"https:\/\/www.canariasimprovisa.com\/de\/\"},{\"@type\":\"ListItem\",\"position\":2,\"name\":\"Bedingungen f\u00fcr den Kauf\"}]},{\"@type\":\"WebSite\",\"@id\":\"https:\/\/www.canariasimprovisa.com\/de\/#website\",\"url\":\"https:\/\/www.canariasimprovisa.com\/de\/\",\"name\":\"Festival Impro\",\"description\":\"Festival de Improvisaci\u00f3n de Canarias.\",\"potentialAction\":[{\"@type\":\"SearchAction\",\"target\":{\"@type\":\"EntryPoint\",\"urlTemplate\":\"https:\/\/www.canariasimprovisa.com\/de\/?s={search_term_string}\"},\"query-input\":{\"@type\":\"PropertyValueSpecification\",\"valueRequired\":true,\"valueName\":\"search_term_string\"}}],\"inLanguage\":\"de\"}]}<\/script>\n<!-- \/ Yoast SEO plugin. -->","yoast_head_json":{"title":"Bedingungen f\u00fcr den Kauf - Festival Impro","robots":{"index":"index","follow":"follow","max-snippet":"max-snippet:-1","max-image-preview":"max-image-preview:large","max-video-preview":"max-video-preview:-1"},"canonical":"https:\/\/www.canariasimprovisa.com\/de\/bedingungen-fuer-den-kauf\/","og_locale":"de_DE","og_type":"article","og_title":"Bedingungen f\u00fcr den Kauf - Festival Impro","og_description":"KANARIENVOGEL IMPROVISIERT Bedingungen f\u00fcr den Kauf Der Online-Kauf von Eintrittskarten erfolgt \u00fcber die folgenden externen Plattformen: ( TICKETY WEB S.L.) und(TECTELTIC ON-LINE, S.L.), daher sind Sie f\u00fcr die Daten, die Sie f\u00fcr den Kauf angeben, verantwortlich. Eink\u00e4ufe, die von unseren Nutzern \u00fcber externe Plattformen (TICKETY WEB S.L.) und (TECTELTIC ON-LIN, S.L.) get\u00e4tigt werden, unterliegen den [&hellip;]","og_url":"https:\/\/www.canariasimprovisa.com\/de\/bedingungen-fuer-den-kauf\/","og_site_name":"Festival Impro","article_modified_time":"2023-04-25T10:04:18+00:00","og_image":[{"width":3546,"height":1313,"url":"https:\/\/www.canariasimprovisa.com\/wp-content\/uploads\/2022\/03\/Logo-Nudo-Cartel-WEB.png","type":"image\/png"}],"twitter_card":"summary_large_image","schema":{"@context":"https:\/\/schema.org","@graph":[{"@type":"WebPage","@id":"https:\/\/www.canariasimprovisa.com\/de\/bedingungen-fuer-den-kauf\/","url":"https:\/\/www.canariasimprovisa.com\/de\/bedingungen-fuer-den-kauf\/","name":"Bedingungen f\u00fcr den Kauf - Festival Impro","isPartOf":{"@id":"https:\/\/www.canariasimprovisa.com\/de\/#website"},"datePublished":"2022-03-24T12:48:21+00:00","dateModified":"2023-04-25T10:04:18+00:00","breadcrumb":{"@id":"https:\/\/www.canariasimprovisa.com\/de\/bedingungen-fuer-den-kauf\/#breadcrumb"},"inLanguage":"de","potentialAction":[{"@type":"ReadAction","target":["https:\/\/www.canariasimprovisa.com\/de\/bedingungen-fuer-den-kauf\/"]}]},{"@type":"BreadcrumbList","@id":"https:\/\/www.canariasimprovisa.com\/de\/bedingungen-fuer-den-kauf\/#breadcrumb","itemListElement":[{"@type":"ListItem","position":1,"name":"Portada","item":"https:\/\/www.canariasimprovisa.com\/de\/"},{"@type":"ListItem","position":2,"name":"Bedingungen f\u00fcr den Kauf"}]},{"@type":"WebSite","@id":"https:\/\/www.canariasimprovisa.com\/de\/#website","url":"https:\/\/www.canariasimprovisa.com\/de\/","name":"Festival Impro","description":"Festival de Improvisaci\u00f3n de Canarias.","potentialAction":[{"@type":"SearchAction","target":{"@type":"EntryPoint","urlTemplate":"https:\/\/www.canariasimprovisa.com\/de\/?s={search_term_string}"},"query-input":{"@type":"PropertyValueSpecification","valueRequired":true,"valueName":"search_term_string"}}],"inLanguage":"de"}]}},"_links":{"self":[{"href":"https:\/\/www.canariasimprovisa.com\/de\/wp-json\/wp\/v2\/pages\/2772","targetHints":{"allow":["GET"]}}],"collection":[{"href":"https:\/\/www.canariasimprovisa.com\/de\/wp-json\/wp\/v2\/pages"}],"about":[{"href":"https:\/\/www.canariasimprovisa.com\/de\/wp-json\/wp\/v2\/types\/page"}],"author":[{"embeddable":true,"href":"https:\/\/www.canariasimprovisa.com\/de\/wp-json\/wp\/v2\/users\/1"}],"replies":[{"embeddable":true,"href":"https:\/\/www.canariasimprovisa.com\/de\/wp-json\/wp\/v2\/comments?post=2772"}],"version-history":[{"count":2,"href":"https:\/\/www.canariasimprovisa.com\/de\/wp-json\/wp\/v2\/pages\/2772\/revisions"}],"predecessor-version":[{"id":2824,"href":"https:\/\/www.canariasimprovisa.com\/de\/wp-json\/wp\/v2\/pages\/2772\/revisions\/2824"}],"wp:attachment":[{"href":"https:\/\/www.canariasimprovisa.com\/de\/wp-json\/wp\/v2\/media?parent=2772"}],"curies":[{"name":"wp","href":"https:\/\/api.w.org\/{rel}","templated":true}]}}