{"id":2766,"date":"2022-03-08T17:46:54","date_gmt":"2022-03-08T17:46:54","guid":{"rendered":"https:\/\/www.canariasimprovisa.com\/unternehmen\/ruecksichtsloses-theater\/"},"modified":"2024-10-18T09:29:22","modified_gmt":"2024-10-18T09:29:22","slug":"ruecksichtsloses-theater","status":"publish","type":"page","link":"https:\/\/www.canariasimprovisa.com\/de\/unternehmen\/ruecksichtsloses-theater\/","title":{"rendered":"FIRMA QUINTAL"},"content":{"rendered":"\t\t<div data-elementor-type=\"wp-page\" data-elementor-id=\"2766\" class=\"elementor elementor-2766 elementor-985\" data-elementor-post-type=\"page\">\n\t\t\t\t\t\t<section class=\"elementor-section elementor-top-section elementor-element elementor-element-6c2c5d1e elementor-section-boxed elementor-section-height-default elementor-section-height-default\" data-id=\"6c2c5d1e\" data-element_type=\"section\" data-settings=\"{&quot;background_background&quot;:&quot;classic&quot;,&quot;shape_divider_bottom&quot;:&quot;curve&quot;}\">\n\t\t\t\t\t\t\t<div class=\"elementor-background-overlay\"><\/div>\n\t\t\t\t\t\t<div class=\"elementor-shape elementor-shape-bottom\" aria-hidden=\"true\" data-negative=\"false\">\n\t\t\t<svg xmlns=\"http:\/\/www.w3.org\/2000\/svg\" viewBox=\"0 0 1000 100\" preserveAspectRatio=\"none\">\n    <path class=\"elementor-shape-fill\" d=\"M1000,4.3V0H0v4.3C0.9,23.1,126.7,99.2,500,100S1000,22.7,1000,4.3z\"\/>\n<\/svg>\t\t<\/div>\n\t\t\t\t\t<div class=\"elementor-container elementor-column-gap-default\">\n\t\t\t\t\t<div class=\"elementor-column elementor-col-100 elementor-top-column elementor-element elementor-element-4745198\" data-id=\"4745198\" data-element_type=\"column\">\n\t\t\t<div class=\"elementor-widget-wrap elementor-element-populated\">\n\t\t\t\t\t\t<section class=\"elementor-section elementor-inner-section elementor-element elementor-element-22f18ef5 elementor-section-boxed elementor-section-height-default elementor-section-height-default\" data-id=\"22f18ef5\" data-element_type=\"section\">\n\t\t\t\t\t\t<div class=\"elementor-container elementor-column-gap-default\">\n\t\t\t\t\t<div class=\"elementor-column elementor-col-100 elementor-inner-column elementor-element elementor-element-36e1616b\" data-id=\"36e1616b\" data-element_type=\"column\">\n\t\t\t<div class=\"elementor-widget-wrap elementor-element-populated\">\n\t\t\t\t\t\t<div class=\"elementor-element elementor-element-798f1bba elementor-invisible elementor-widget elementor-widget-heading\" data-id=\"798f1bba\" data-element_type=\"widget\" data-settings=\"{&quot;_animation&quot;:&quot;fadeInUp&quot;}\" data-widget_type=\"heading.default\">\n\t\t\t\t<div class=\"elementor-widget-container\">\n\t\t\t\t\t<h1 class=\"elementor-heading-title elementor-size-large\">Unternehmen<\/h1>\t\t\t\t<\/div>\n\t\t\t\t<\/div>\n\t\t\t\t<div class=\"elementor-element elementor-element-4ef9fabe elementor-invisible elementor-widget elementor-widget-heading\" data-id=\"4ef9fabe\" data-element_type=\"widget\" data-settings=\"{&quot;_animation&quot;:&quot;fadeIn&quot;}\" data-widget_type=\"heading.default\">\n\t\t\t\t<div class=\"elementor-widget-container\">\n\t\t\t\t\t<div class=\"elementor-heading-title elementor-size-xxl\">UNTERNEHMEN.\nDO QUINTAL <\/div>\t\t\t\t<\/div>\n\t\t\t\t<\/div>\n\t\t\t\t<div class=\"elementor-element elementor-element-655d641 elementor-widget elementor-widget-text-editor\" data-id=\"655d641\" data-element_type=\"widget\" data-widget_type=\"text-editor.default\">\n\t\t\t\t<div class=\"elementor-widget-container\">\n\t\t\t\t\t\t\t\t\t<p>Die C\u00eda.<br \/>\nDo Quintal l\u00e4dt Sie dazu ein, die transformative Kraft der Improvisation zu entdecken.<br \/>\nDurch ihre Shows lernen wir, uns mit unserer Kreativit\u00e4t und unserem Humor auf authentische Art und Weise zu verbinden.   Bei dieser Gelegenheit wird die Pianistin Satomi Morimoto auftreten.<\/p>\n\t\t\t\t\t\t\t\t<\/div>\n\t\t\t\t<\/div>\n\t\t\t\t\t<\/div>\n\t\t<\/div>\n\t\t\t\t\t<\/div>\n\t\t<\/section>\n\t\t\t\t<div class=\"elementor-element elementor-element-2ae9e0c2 elementor-widget elementor-widget-spacer\" data-id=\"2ae9e0c2\" data-element_type=\"widget\" data-widget_type=\"spacer.default\">\n\t\t\t\t<div class=\"elementor-widget-container\">\n\t\t\t\t\t\t\t<div class=\"elementor-spacer\">\n\t\t\t<div class=\"elementor-spacer-inner\"><\/div>\n\t\t<\/div>\n\t\t\t\t\t\t<\/div>\n\t\t\t\t<\/div>\n\t\t\t\t\t<\/div>\n\t\t<\/div>\n\t\t\t\t\t<\/div>\n\t\t<\/section>\n\t\t\t\t<section class=\"elementor-section elementor-top-section elementor-element elementor-element-230a5b9a elementor-section-boxed elementor-section-height-default elementor-section-height-default\" data-id=\"230a5b9a\" data-element_type=\"section\" data-settings=\"{&quot;background_background&quot;:&quot;classic&quot;}\">\n\t\t\t\t\t\t<div class=\"elementor-container elementor-column-gap-default\">\n\t\t\t\t\t<div class=\"elementor-column elementor-col-100 elementor-top-column elementor-element elementor-element-5daec68a\" data-id=\"5daec68a\" data-element_type=\"column\">\n\t\t\t<div class=\"elementor-widget-wrap elementor-element-populated\">\n\t\t\t\t\t\t<div class=\"elementor-element elementor-element-12700b9d elementor-invisible elementor-widget elementor-widget-heading\" data-id=\"12700b9d\" data-element_type=\"widget\" data-settings=\"{&quot;_animation&quot;:&quot;fadeInUp&quot;}\" data-widget_type=\"heading.default\">\n\t\t\t\t<div class=\"elementor-widget-container\">\n\t\t\t\t\t<h5 class=\"elementor-heading-title elementor-size-default\">Unternehmen<\/h5>\t\t\t\t<\/div>\n\t\t\t\t<\/div>\n\t\t\t\t<div class=\"elementor-element elementor-element-64b8d7dc elementor-invisible elementor-widget elementor-widget-heading\" data-id=\"64b8d7dc\" data-element_type=\"widget\" data-settings=\"{&quot;_animation&quot;:&quot;fadeInUp&quot;}\" data-widget_type=\"heading.default\">\n\t\t\t\t<div class=\"elementor-widget-container\">\n\t\t\t\t\t<h2 class=\"elementor-heading-title elementor-size-default\">UNTERNEHMEN.  <span class=\"yellow\">DO QUINTAL<\/span><\/h2>\t\t\t\t<\/div>\n\t\t\t\t<\/div>\n\t\t\t\t<section class=\"elementor-section elementor-inner-section elementor-element elementor-element-89c0cee elementor-reverse-mobile elementor-section-boxed elementor-section-height-default elementor-section-height-default\" data-id=\"89c0cee\" data-element_type=\"section\">\n\t\t\t\t\t\t<div class=\"elementor-container elementor-column-gap-default\">\n\t\t\t\t\t<div class=\"elementor-column elementor-col-66 elementor-inner-column elementor-element elementor-element-579e7c9c elementor-invisible\" data-id=\"579e7c9c\" data-element_type=\"column\" data-settings=\"{&quot;animation&quot;:&quot;fadeInLeft&quot;}\">\n\t\t\t<div class=\"elementor-widget-wrap elementor-element-populated\">\n\t\t\t\t\t\t<div class=\"elementor-element elementor-element-521c74ea elementor-icon-list--layout-traditional elementor-list-item-link-full_width elementor-widget elementor-widget-icon-list\" data-id=\"521c74ea\" data-element_type=\"widget\" data-widget_type=\"icon-list.default\">\n\t\t\t\t<div class=\"elementor-widget-container\">\n\t\t\t\t\t\t\t<ul class=\"elementor-icon-list-items\">\n\t\t\t\t\t\t\t<li class=\"elementor-icon-list-item\">\n\t\t\t\t\t\t\t\t\t\t\t<span class=\"elementor-icon-list-icon\">\n\t\t\t\t\t\t\t<i aria-hidden=\"true\" class=\"fas fa-map-marker-alt\"><\/i>\t\t\t\t\t\t<\/span>\n\t\t\t\t\t\t\t\t\t\t<span class=\"elementor-icon-list-text\">Herkunft: Brasilien | Kolumbien<\/span>\n\t\t\t\t\t\t\t\t\t<\/li>\n\t\t\t\t\t\t<\/ul>\n\t\t\t\t\t\t<\/div>\n\t\t\t\t<\/div>\n\t\t\t\t<div class=\"elementor-element elementor-element-585cced6 elementor-widget elementor-widget-text-editor\" data-id=\"585cced6\" data-element_type=\"widget\" data-widget_type=\"text-editor.default\">\n\t\t\t\t<div class=\"elementor-widget-container\">\n\t\t\t\t\t\t\t\t\t<p><strong>Die C\u00eda.<br \/>\nDo Quintal <\/strong>  l\u00e4dt Sie dazu ein, die transformative Kraft der Improvisation zu entdecken. Durch ihre Shows lernen wir, uns mit unserer Kreativit\u00e4t und unserem Humor auf authentische Art und Weise zu verbinden. Die Gruppe besteht aus Gustavo Miranda, einem kolumbianischen Schauspieler und Dramaturgen, Gr\u00fcnder von C\u00eda. Acci\u00f3n Impro in Medell\u00edn (Kolumbien) und in Brasilien bekannt f\u00fcr seine Arbeit mit Ensembles wie Porta dos Fundos und Cia. Barbixas; und in Portugal als Schauspieler in der Show Commedia a la Carte. Und C\u00e9sar Gouv\u00eaa, brasilianischer Clown und Regisseur, Gr\u00fcnder der ersten Improvisationstruppe seines Landes, Jogando no Quintal (Quintal.art) und Koordinator f\u00fcr Kreation und Inhalt der Opera\u00e7\u00e3o Nariz Vermelha in Portugal.     <\/p>\n<p><strong>TEAM:<\/strong> Schauspieler: C\u00e9sar Gouv\u00eaa (Brasilien) und Gustavo Miranda (Kolumbien), B\u00fchnenarbeiter; Mauricio Fl\u00f3rez (Kolumbien), Lichttechniker; Nuno Miguel Mendes Gomes (Portugal) und Andr\u00e9s Giraldo (Musiker).<\/p>\n\t\t\t\t\t\t\t\t<\/div>\n\t\t\t\t<\/div>\n\t\t\t\t<div class=\"elementor-element elementor-element-558b64fb elementor-align-left elementor-mobile-align-center elementor-widget elementor-widget-button\" data-id=\"558b64fb\" data-element_type=\"widget\" data-widget_type=\"button.default\">\n\t\t\t\t<div class=\"elementor-widget-container\">\n\t\t\t\t\t\t\t\t\t<div class=\"elementor-button-wrapper\">\n\t\t\t\t\t<a class=\"elementor-button elementor-button-link elementor-size-sm\" href=\"http:\/\/quintal.art.br\/\" target=\"_blank\">\n\t\t\t\t\t\t<span class=\"elementor-button-content-wrapper\">\n\t\t\t\t\t\t\t\t\t<span class=\"elementor-button-text\">Siehe Unternehmen<\/span>\n\t\t\t\t\t<\/span>\n\t\t\t\t\t<\/a>\n\t\t\t\t<\/div>\n\t\t\t\t\t\t\t\t<\/div>\n\t\t\t\t<\/div>\n\t\t\t\t\t<\/div>\n\t\t<\/div>\n\t\t\t\t<div class=\"elementor-column elementor-col-33 elementor-inner-column elementor-element elementor-element-5bbcbda\" data-id=\"5bbcbda\" data-element_type=\"column\">\n\t\t\t<div class=\"elementor-widget-wrap elementor-element-populated\">\n\t\t\t\t\t\t<div class=\"elementor-element elementor-element-1b8c64c3 elementor-invisible elementor-widget elementor-widget-image\" data-id=\"1b8c64c3\" data-element_type=\"widget\" data-settings=\"{&quot;_animation&quot;:&quot;zoomIn&quot;}\" data-widget_type=\"image.default\">\n\t\t\t\t<div class=\"elementor-widget-container\">\n\t\t\t\t\t\t\t\t\t\t\t\t\t\t\t<img fetchpriority=\"high\" decoding=\"async\" width=\"718\" height=\"616\" src=\"https:\/\/www.canariasimprovisa.com\/wp-content\/uploads\/2024\/09\/espec-passageiro.webp\" class=\"attachment-large size-large wp-image-5471\" alt=\"\" srcset=\"https:\/\/www.canariasimprovisa.com\/wp-content\/uploads\/2024\/09\/espec-passageiro.webp 718w, https:\/\/www.canariasimprovisa.com\/wp-content\/uploads\/2024\/09\/espec-passageiro-300x257.webp 300w\" sizes=\"(max-width: 718px) 100vw, 718px\" \/>\t\t\t\t\t\t\t\t\t\t\t\t\t\t\t<\/div>\n\t\t\t\t<\/div>\n\t\t\t\t\t<\/div>\n\t\t<\/div>\n\t\t\t\t\t<\/div>\n\t\t<\/section>\n\t\t\t\t<div class=\"elementor-element elementor-element-55d9db37 elementor-invisible elementor-widget elementor-widget-heading\" data-id=\"55d9db37\" data-element_type=\"widget\" data-settings=\"{&quot;_animation&quot;:&quot;fadeInUp&quot;}\" data-widget_type=\"heading.default\">\n\t\t\t\t<div class=\"elementor-widget-container\">\n\t\t\t\t\t<h2 class=\"elementor-heading-title elementor-size-default\">Die <span class=\"yellow\">Show<\/span><\/h2>\t\t\t\t<\/div>\n\t\t\t\t<\/div>\n\t\t\t\t<section class=\"elementor-section elementor-inner-section elementor-element elementor-element-5892863f elementor-section-content-middle elementor-section-boxed elementor-section-height-default elementor-section-height-default\" data-id=\"5892863f\" data-element_type=\"section\">\n\t\t\t\t\t\t<div class=\"elementor-container elementor-column-gap-no\">\n\t\t\t\t\t<div class=\"elementor-column elementor-col-50 elementor-inner-column elementor-element elementor-element-2c3c0dea\" data-id=\"2c3c0dea\" data-element_type=\"column\">\n\t\t\t<div class=\"elementor-widget-wrap elementor-element-populated\">\n\t\t\t\t\t\t<div class=\"elementor-element elementor-element-4c1b556c elementor-invisible elementor-widget elementor-widget-image\" data-id=\"4c1b556c\" data-element_type=\"widget\" data-settings=\"{&quot;_animation&quot;:&quot;zoomIn&quot;}\" data-widget_type=\"image.default\">\n\t\t\t\t<div class=\"elementor-widget-container\">\n\t\t\t\t\t\t\t\t\t\t\t\t\t\t\t<img decoding=\"async\" width=\"768\" height=\"988\" src=\"https:\/\/www.canariasimprovisa.com\/wp-content\/uploads\/2024\/09\/CARTEL-PASSAGEIRO-768x988.webp\" class=\"attachment-medium_large size-medium_large wp-image-5468\" alt=\"\" srcset=\"https:\/\/www.canariasimprovisa.com\/wp-content\/uploads\/2024\/09\/CARTEL-PASSAGEIRO-768x988.webp 768w, https:\/\/www.canariasimprovisa.com\/wp-content\/uploads\/2024\/09\/CARTEL-PASSAGEIRO-233x300.webp 233w, https:\/\/www.canariasimprovisa.com\/wp-content\/uploads\/2024\/09\/CARTEL-PASSAGEIRO-796x1024.webp 796w, https:\/\/www.canariasimprovisa.com\/wp-content\/uploads\/2024\/09\/CARTEL-PASSAGEIRO.webp 1000w\" sizes=\"(max-width: 768px) 100vw, 768px\" \/>\t\t\t\t\t\t\t\t\t\t\t\t\t\t\t<\/div>\n\t\t\t\t<\/div>\n\t\t\t\t\t<\/div>\n\t\t<\/div>\n\t\t\t\t<div class=\"elementor-column elementor-col-50 elementor-inner-column elementor-element elementor-element-70d5021a elementor-invisible\" data-id=\"70d5021a\" data-element_type=\"column\" data-settings=\"{&quot;animation&quot;:&quot;fadeInRight&quot;}\">\n\t\t\t<div class=\"elementor-widget-wrap elementor-element-populated\">\n\t\t\t\t\t\t<div class=\"elementor-element elementor-element-4e779a56 elementor-widget elementor-widget-heading\" data-id=\"4e779a56\" data-element_type=\"widget\" data-widget_type=\"heading.default\">\n\t\t\t\t<div class=\"elementor-widget-container\">\n\t\t\t\t\t<h3 class=\"elementor-heading-title elementor-size-xl\">PASSAGEIRO<\/h3>\t\t\t\t<\/div>\n\t\t\t\t<\/div>\n\t\t\t\t<div class=\"elementor-element elementor-element-60b0c581 elementor-widget-divider--view-line elementor-widget elementor-widget-divider\" data-id=\"60b0c581\" data-element_type=\"widget\" data-widget_type=\"divider.default\">\n\t\t\t\t<div class=\"elementor-widget-container\">\n\t\t\t\t\t\t\t<div class=\"elementor-divider\">\n\t\t\t<span class=\"elementor-divider-separator\">\n\t\t\t\t\t\t<\/span>\n\t\t<\/div>\n\t\t\t\t\t\t<\/div>\n\t\t\t\t<\/div>\n\t\t\t\t<div class=\"elementor-element elementor-element-394ca722 elementor-widget elementor-widget-text-editor\" data-id=\"394ca722\" data-element_type=\"widget\" data-widget_type=\"text-editor.default\">\n\t\t\t\t<div class=\"elementor-widget-container\">\n\t\t\t\t\t\t\t\t\t<p>Diese Improvisationstheater-Show liegt irgendwo zwischen subtilem Humor und der Konstruktion von unwiederholbaren Geschichten.<br \/>\nDie W\u00fcnsche der Improvisatoren lenken die Beziehungen zwischen den Figuren und die Zust\u00e4nde, in denen sie sich in jeder Szene, in jeder Begegnung befinden. Das macht jede Auff\u00fchrung einzigartig, wie ein Canovaccio aus der Commedia Dell&#8217;Arte, bei dem sich am Ende alle Geschichten organisch verbinden. <\/p>\n\t\t\t\t\t\t\t\t<\/div>\n\t\t\t\t<\/div>\n\t\t\t\t<div class=\"elementor-element elementor-element-341e76b elementor-align-left elementor-widget elementor-widget-button\" data-id=\"341e76b\" data-element_type=\"widget\" data-widget_type=\"button.default\">\n\t\t\t\t<div class=\"elementor-widget-container\">\n\t\t\t\t\t\t\t\t\t<div class=\"elementor-button-wrapper\">\n\t\t\t\t\t<a class=\"elementor-button elementor-button-link elementor-size-sm\" href=\"https:\/\/tickety.es\/event\/iii-canarias-improvisa-compania-quintal-passageiro\" target=\"_blank\">\n\t\t\t\t\t\t<span class=\"elementor-button-content-wrapper\">\n\t\t\t\t\t\t\t\t\t<span class=\"elementor-button-text\">Tickets kaufen  <\/span>\n\t\t\t\t\t<\/span>\n\t\t\t\t\t<\/a>\n\t\t\t\t<\/div>\n\t\t\t\t\t\t\t\t<\/div>\n\t\t\t\t<\/div>\n\t\t\t\t\t<\/div>\n\t\t<\/div>\n\t\t\t\t\t<\/div>\n\t\t<\/section>\n\t\t\t\t<section class=\"elementor-section elementor-inner-section elementor-element elementor-element-a104e8f elementor-section-content-middle elementor-section-boxed elementor-section-height-default elementor-section-height-default\" data-id=\"a104e8f\" data-element_type=\"section\">\n\t\t\t\t\t\t<div class=\"elementor-container elementor-column-gap-no\">\n\t\t\t\t\t<div class=\"elementor-column elementor-col-100 elementor-inner-column elementor-element elementor-element-73e813f\" data-id=\"73e813f\" data-element_type=\"column\">\n\t\t\t<div class=\"elementor-widget-wrap elementor-element-populated\">\n\t\t\t\t\t\t<div class=\"elementor-element elementor-element-39ef8bc elementor-widget elementor-widget-video\" data-id=\"39ef8bc\" data-element_type=\"widget\" data-settings=\"{&quot;youtube_url&quot;:&quot;https:\\\/\\\/youtu.be\\\/AU-yP-UiPDg&quot;,&quot;video_type&quot;:&quot;youtube&quot;,&quot;controls&quot;:&quot;yes&quot;}\" data-widget_type=\"video.default\">\n\t\t\t\t<div class=\"elementor-widget-container\">\n\t\t\t\t\t\t\t<div class=\"elementor-wrapper elementor-open-inline\">\n\t\t\t<div class=\"elementor-video\"><\/div>\t\t<\/div>\n\t\t\t\t\t\t<\/div>\n\t\t\t\t<\/div>\n\t\t\t\t\t<\/div>\n\t\t<\/div>\n\t\t\t\t\t<\/div>\n\t\t<\/section>\n\t\t\t\t\t<\/div>\n\t\t<\/div>\n\t\t\t\t\t<\/div>\n\t\t<\/section>\n\t\t\t\t<\/div>\n\t\t","protected":false},"excerpt":{"rendered":"<p>Unternehmen UNTERNEHMEN. DO QUINTAL Die C\u00eda. Do Quintal l\u00e4dt Sie dazu ein, die transformative Kraft der Improvisation zu entdecken. Durch ihre Shows lernen wir, uns mit unserer Kreativit\u00e4t und unserem Humor auf authentische Art und Weise zu verbinden. Bei dieser Gelegenheit wird die Pianistin Satomi Morimoto auftreten. Unternehmen UNTERNEHMEN. DO QUINTAL Herkunft: Brasilien | Kolumbien [&hellip;]<\/p>\n","protected":false},"author":1,"featured_media":0,"parent":2677,"menu_order":0,"comment_status":"closed","ping_status":"closed","template":"elementor_header_footer","meta":{"footnotes":""},"class_list":["post-2766","page","type-page","status-publish","hentry"],"yoast_head":"<!-- This site is optimized with the Yoast SEO plugin v26.8 - https:\/\/yoast.com\/product\/yoast-seo-wordpress\/ -->\n<title>C\u00cdA DO QUINTAL | Canarias Improvisa<\/title>\n<meta name=\"description\" content=\"C\u00cdA DO QUINTAL ist eines der Ensembles, die am Canarias Improvisa Festival f\u00fcr Theaterimprovisation teilnehmen. Entdecken Sie ihre Show.\" \/>\n<meta name=\"robots\" content=\"index, follow, max-snippet:-1, max-image-preview:large, max-video-preview:-1\" \/>\n<link rel=\"canonical\" href=\"https:\/\/www.canariasimprovisa.com\/de\/unternehmen\/ruecksichtsloses-theater\/\" \/>\n<meta property=\"og:locale\" content=\"de_DE\" \/>\n<meta property=\"og:type\" content=\"article\" \/>\n<meta property=\"og:title\" content=\"C\u00cdA DO QUINTAL | Canarias Improvisa\" \/>\n<meta property=\"og:description\" content=\"C\u00cdA DO QUINTAL ist eines der Ensembles, die am Canarias Improvisa Festival f\u00fcr Theaterimprovisation teilnehmen. Entdecken Sie ihre Show.\" \/>\n<meta property=\"og:url\" content=\"https:\/\/www.canariasimprovisa.com\/de\/unternehmen\/ruecksichtsloses-theater\/\" \/>\n<meta property=\"og:site_name\" content=\"Festival Impro\" \/>\n<meta property=\"article:modified_time\" content=\"2024-10-18T09:29:22+00:00\" \/>\n<meta property=\"og:image\" content=\"https:\/\/www.canariasimprovisa.com\/wp-content\/uploads\/2024\/09\/espec-passageiro.webp\" \/>\n\t<meta property=\"og:image:width\" content=\"718\" \/>\n\t<meta property=\"og:image:height\" content=\"616\" \/>\n\t<meta property=\"og:image:type\" content=\"image\/webp\" \/>\n<meta name=\"twitter:card\" content=\"summary_large_image\" \/>\n<meta name=\"twitter:label1\" content=\"Gesch\u00e4tzte Lesezeit\" \/>\n\t<meta name=\"twitter:data1\" content=\"1\u00a0Minute\" \/>\n<script type=\"application\/ld+json\" class=\"yoast-schema-graph\">{\"@context\":\"https:\/\/schema.org\",\"@graph\":[{\"@type\":\"WebPage\",\"@id\":\"https:\/\/www.canariasimprovisa.com\/de\/unternehmen\/ruecksichtsloses-theater\/\",\"url\":\"https:\/\/www.canariasimprovisa.com\/de\/unternehmen\/ruecksichtsloses-theater\/\",\"name\":\"C\u00cdA DO QUINTAL | Canarias Improvisa\",\"isPartOf\":{\"@id\":\"https:\/\/www.canariasimprovisa.com\/de\/#website\"},\"primaryImageOfPage\":{\"@id\":\"https:\/\/www.canariasimprovisa.com\/de\/unternehmen\/ruecksichtsloses-theater\/#primaryimage\"},\"image\":{\"@id\":\"https:\/\/www.canariasimprovisa.com\/de\/unternehmen\/ruecksichtsloses-theater\/#primaryimage\"},\"thumbnailUrl\":\"https:\/\/www.canariasimprovisa.com\/wp-content\/uploads\/2024\/09\/espec-passageiro.webp\",\"datePublished\":\"2022-03-08T17:46:54+00:00\",\"dateModified\":\"2024-10-18T09:29:22+00:00\",\"description\":\"C\u00cdA DO QUINTAL ist eines der Ensembles, die am Canarias Improvisa Festival f\u00fcr Theaterimprovisation teilnehmen. Entdecken Sie ihre Show.\",\"breadcrumb\":{\"@id\":\"https:\/\/www.canariasimprovisa.com\/de\/unternehmen\/ruecksichtsloses-theater\/#breadcrumb\"},\"inLanguage\":\"de\",\"potentialAction\":[{\"@type\":\"ReadAction\",\"target\":[\"https:\/\/www.canariasimprovisa.com\/de\/unternehmen\/ruecksichtsloses-theater\/\"]}]},{\"@type\":\"ImageObject\",\"inLanguage\":\"de\",\"@id\":\"https:\/\/www.canariasimprovisa.com\/de\/unternehmen\/ruecksichtsloses-theater\/#primaryimage\",\"url\":\"https:\/\/www.canariasimprovisa.com\/wp-content\/uploads\/2024\/09\/espec-passageiro.webp\",\"contentUrl\":\"https:\/\/www.canariasimprovisa.com\/wp-content\/uploads\/2024\/09\/espec-passageiro.webp\"},{\"@type\":\"BreadcrumbList\",\"@id\":\"https:\/\/www.canariasimprovisa.com\/de\/unternehmen\/ruecksichtsloses-theater\/#breadcrumb\",\"itemListElement\":[{\"@type\":\"ListItem\",\"position\":1,\"name\":\"Portada\",\"item\":\"https:\/\/www.canariasimprovisa.com\/de\/\"},{\"@type\":\"ListItem\",\"position\":2,\"name\":\"Unternehmen\",\"item\":\"https:\/\/www.canariasimprovisa.com\/de\/companias\/\"},{\"@type\":\"ListItem\",\"position\":3,\"name\":\"FIRMA QUINTAL\"}]},{\"@type\":\"WebSite\",\"@id\":\"https:\/\/www.canariasimprovisa.com\/de\/#website\",\"url\":\"https:\/\/www.canariasimprovisa.com\/de\/\",\"name\":\"Festival Impro\",\"description\":\"Festival de Improvisaci\u00f3n de Canarias.\",\"potentialAction\":[{\"@type\":\"SearchAction\",\"target\":{\"@type\":\"EntryPoint\",\"urlTemplate\":\"https:\/\/www.canariasimprovisa.com\/de\/?s={search_term_string}\"},\"query-input\":{\"@type\":\"PropertyValueSpecification\",\"valueRequired\":true,\"valueName\":\"search_term_string\"}}],\"inLanguage\":\"de\"}]}<\/script>\n<!-- \/ Yoast SEO plugin. -->","yoast_head_json":{"title":"C\u00cdA DO QUINTAL | Canarias Improvisa","description":"C\u00cdA DO QUINTAL ist eines der Ensembles, die am Canarias Improvisa Festival f\u00fcr Theaterimprovisation teilnehmen. Entdecken Sie ihre Show.","robots":{"index":"index","follow":"follow","max-snippet":"max-snippet:-1","max-image-preview":"max-image-preview:large","max-video-preview":"max-video-preview:-1"},"canonical":"https:\/\/www.canariasimprovisa.com\/de\/unternehmen\/ruecksichtsloses-theater\/","og_locale":"de_DE","og_type":"article","og_title":"C\u00cdA DO QUINTAL | Canarias Improvisa","og_description":"C\u00cdA DO QUINTAL ist eines der Ensembles, die am Canarias Improvisa Festival f\u00fcr Theaterimprovisation teilnehmen. Entdecken Sie ihre Show.","og_url":"https:\/\/www.canariasimprovisa.com\/de\/unternehmen\/ruecksichtsloses-theater\/","og_site_name":"Festival Impro","article_modified_time":"2024-10-18T09:29:22+00:00","og_image":[{"width":718,"height":616,"url":"https:\/\/www.canariasimprovisa.com\/wp-content\/uploads\/2024\/09\/espec-passageiro.webp","type":"image\/webp"}],"twitter_card":"summary_large_image","twitter_misc":{"Gesch\u00e4tzte Lesezeit":"1\u00a0Minute"},"schema":{"@context":"https:\/\/schema.org","@graph":[{"@type":"WebPage","@id":"https:\/\/www.canariasimprovisa.com\/de\/unternehmen\/ruecksichtsloses-theater\/","url":"https:\/\/www.canariasimprovisa.com\/de\/unternehmen\/ruecksichtsloses-theater\/","name":"C\u00cdA DO QUINTAL | Canarias Improvisa","isPartOf":{"@id":"https:\/\/www.canariasimprovisa.com\/de\/#website"},"primaryImageOfPage":{"@id":"https:\/\/www.canariasimprovisa.com\/de\/unternehmen\/ruecksichtsloses-theater\/#primaryimage"},"image":{"@id":"https:\/\/www.canariasimprovisa.com\/de\/unternehmen\/ruecksichtsloses-theater\/#primaryimage"},"thumbnailUrl":"https:\/\/www.canariasimprovisa.com\/wp-content\/uploads\/2024\/09\/espec-passageiro.webp","datePublished":"2022-03-08T17:46:54+00:00","dateModified":"2024-10-18T09:29:22+00:00","description":"C\u00cdA DO QUINTAL ist eines der Ensembles, die am Canarias Improvisa Festival f\u00fcr Theaterimprovisation teilnehmen. Entdecken Sie ihre Show.","breadcrumb":{"@id":"https:\/\/www.canariasimprovisa.com\/de\/unternehmen\/ruecksichtsloses-theater\/#breadcrumb"},"inLanguage":"de","potentialAction":[{"@type":"ReadAction","target":["https:\/\/www.canariasimprovisa.com\/de\/unternehmen\/ruecksichtsloses-theater\/"]}]},{"@type":"ImageObject","inLanguage":"de","@id":"https:\/\/www.canariasimprovisa.com\/de\/unternehmen\/ruecksichtsloses-theater\/#primaryimage","url":"https:\/\/www.canariasimprovisa.com\/wp-content\/uploads\/2024\/09\/espec-passageiro.webp","contentUrl":"https:\/\/www.canariasimprovisa.com\/wp-content\/uploads\/2024\/09\/espec-passageiro.webp"},{"@type":"BreadcrumbList","@id":"https:\/\/www.canariasimprovisa.com\/de\/unternehmen\/ruecksichtsloses-theater\/#breadcrumb","itemListElement":[{"@type":"ListItem","position":1,"name":"Portada","item":"https:\/\/www.canariasimprovisa.com\/de\/"},{"@type":"ListItem","position":2,"name":"Unternehmen","item":"https:\/\/www.canariasimprovisa.com\/de\/companias\/"},{"@type":"ListItem","position":3,"name":"FIRMA QUINTAL"}]},{"@type":"WebSite","@id":"https:\/\/www.canariasimprovisa.com\/de\/#website","url":"https:\/\/www.canariasimprovisa.com\/de\/","name":"Festival Impro","description":"Festival de Improvisaci\u00f3n de Canarias.","potentialAction":[{"@type":"SearchAction","target":{"@type":"EntryPoint","urlTemplate":"https:\/\/www.canariasimprovisa.com\/de\/?s={search_term_string}"},"query-input":{"@type":"PropertyValueSpecification","valueRequired":true,"valueName":"search_term_string"}}],"inLanguage":"de"}]}},"_links":{"self":[{"href":"https:\/\/www.canariasimprovisa.com\/de\/wp-json\/wp\/v2\/pages\/2766","targetHints":{"allow":["GET"]}}],"collection":[{"href":"https:\/\/www.canariasimprovisa.com\/de\/wp-json\/wp\/v2\/pages"}],"about":[{"href":"https:\/\/www.canariasimprovisa.com\/de\/wp-json\/wp\/v2\/types\/page"}],"author":[{"embeddable":true,"href":"https:\/\/www.canariasimprovisa.com\/de\/wp-json\/wp\/v2\/users\/1"}],"replies":[{"embeddable":true,"href":"https:\/\/www.canariasimprovisa.com\/de\/wp-json\/wp\/v2\/comments?post=2766"}],"version-history":[{"count":5,"href":"https:\/\/www.canariasimprovisa.com\/de\/wp-json\/wp\/v2\/pages\/2766\/revisions"}],"predecessor-version":[{"id":6160,"href":"https:\/\/www.canariasimprovisa.com\/de\/wp-json\/wp\/v2\/pages\/2766\/revisions\/6160"}],"up":[{"embeddable":true,"href":"https:\/\/www.canariasimprovisa.com\/de\/wp-json\/wp\/v2\/pages\/2677"}],"wp:attachment":[{"href":"https:\/\/www.canariasimprovisa.com\/de\/wp-json\/wp\/v2\/media?parent=2766"}],"curies":[{"name":"wp","href":"https:\/\/api.w.org\/{rel}","templated":true}]}}