{"id":2760,"date":"2022-04-11T18:22:29","date_gmt":"2022-04-11T18:22:29","guid":{"rendered":"https:\/\/www.canariasimprovisa.com\/rechtsgrundlagen-der-verlosung-canarias-improvisa\/"},"modified":"2023-06-15T12:47:24","modified_gmt":"2023-06-15T12:47:24","slug":"rechtsgrundlagen-der-verlosung-canarias-improvisa","status":"publish","type":"page","link":"https:\/\/www.canariasimprovisa.com\/de\/rechtsgrundlagen-der-verlosung-canarias-improvisa\/","title":{"rendered":"Rechtsgrundlagen der Verlosung &#8222;Canarias Improvisa&#8220;."},"content":{"rendered":"\t\t<div data-elementor-type=\"wp-page\" data-elementor-id=\"2760\" class=\"elementor elementor-2760 elementor-1930\" data-elementor-post-type=\"page\">\n\t\t\t\t\t\t<section class=\"elementor-section elementor-top-section elementor-element elementor-element-edc301e elementor-section-boxed elementor-section-height-default elementor-section-height-default\" data-id=\"edc301e\" data-element_type=\"section\" data-settings=\"{&quot;background_background&quot;:&quot;classic&quot;,&quot;shape_divider_bottom&quot;:&quot;curve&quot;}\">\n\t\t\t\t\t\t\t<div class=\"elementor-background-overlay\"><\/div>\n\t\t\t\t\t\t<div class=\"elementor-shape elementor-shape-bottom\" aria-hidden=\"true\" data-negative=\"false\">\n\t\t\t<svg xmlns=\"http:\/\/www.w3.org\/2000\/svg\" viewBox=\"0 0 1000 100\" preserveAspectRatio=\"none\">\n    <path class=\"elementor-shape-fill\" d=\"M1000,4.3V0H0v4.3C0.9,23.1,126.7,99.2,500,100S1000,22.7,1000,4.3z\"\/>\n<\/svg>\t\t<\/div>\n\t\t\t\t\t<div class=\"elementor-container elementor-column-gap-default\">\n\t\t\t\t\t<div class=\"elementor-column elementor-col-100 elementor-top-column elementor-element elementor-element-fb0e086\" data-id=\"fb0e086\" data-element_type=\"column\">\n\t\t\t<div class=\"elementor-widget-wrap elementor-element-populated\">\n\t\t\t\t\t\t<section class=\"elementor-section elementor-inner-section elementor-element elementor-element-0326f42 elementor-section-boxed elementor-section-height-default elementor-section-height-default\" data-id=\"0326f42\" data-element_type=\"section\">\n\t\t\t\t\t\t<div class=\"elementor-container elementor-column-gap-default\">\n\t\t\t\t\t<div class=\"elementor-column elementor-col-100 elementor-inner-column elementor-element elementor-element-214393b\" data-id=\"214393b\" data-element_type=\"column\">\n\t\t\t<div class=\"elementor-widget-wrap elementor-element-populated\">\n\t\t\t\t\t\t<div class=\"elementor-element elementor-element-bf02893 elementor-invisible elementor-widget elementor-widget-heading\" data-id=\"bf02893\" data-element_type=\"widget\" data-settings=\"{&quot;_animation&quot;:&quot;fadeInUp&quot;}\" data-widget_type=\"heading.default\">\n\t\t\t\t<div class=\"elementor-widget-container\">\n\t\t\t\t\t<h1 class=\"elementor-heading-title elementor-size-large\">KANARIENVOGEL IMPROVISIERT<\/h1>\t\t\t\t<\/div>\n\t\t\t\t<\/div>\n\t\t\t\t<div class=\"elementor-element elementor-element-1c31890 elementor-invisible elementor-widget elementor-widget-heading\" data-id=\"1c31890\" data-element_type=\"widget\" data-settings=\"{&quot;_animation&quot;:&quot;fadeIn&quot;}\" data-widget_type=\"heading.default\">\n\t\t\t\t<div class=\"elementor-widget-container\">\n\t\t\t\t\t<div class=\"elementor-heading-title elementor-size-xxl\">Rechtsgrundlage der Verlosung<\/div>\t\t\t\t<\/div>\n\t\t\t\t<\/div>\n\t\t\t\t\t<\/div>\n\t\t<\/div>\n\t\t\t\t\t<\/div>\n\t\t<\/section>\n\t\t\t\t<div class=\"elementor-element elementor-element-7f3d6bb elementor-widget elementor-widget-spacer\" data-id=\"7f3d6bb\" data-element_type=\"widget\" data-widget_type=\"spacer.default\">\n\t\t\t\t<div class=\"elementor-widget-container\">\n\t\t\t\t\t\t\t<div class=\"elementor-spacer\">\n\t\t\t<div class=\"elementor-spacer-inner\"><\/div>\n\t\t<\/div>\n\t\t\t\t\t\t<\/div>\n\t\t\t\t<\/div>\n\t\t\t\t\t<\/div>\n\t\t<\/div>\n\t\t\t\t\t<\/div>\n\t\t<\/section>\n\t\t\t\t<section class=\"elementor-section elementor-top-section elementor-element elementor-element-acc2519 elementor-section-boxed elementor-section-height-default elementor-section-height-default\" data-id=\"acc2519\" data-element_type=\"section\">\n\t\t\t\t\t\t<div class=\"elementor-container elementor-column-gap-default\">\n\t\t\t\t\t<div class=\"elementor-column elementor-col-100 elementor-top-column elementor-element elementor-element-01a15da\" data-id=\"01a15da\" data-element_type=\"column\">\n\t\t\t<div class=\"elementor-widget-wrap elementor-element-populated\">\n\t\t\t\t\t\t<div class=\"elementor-element elementor-element-aff31c7 legales elementor-widget elementor-widget-text-editor\" data-id=\"aff31c7\" data-element_type=\"widget\" data-widget_type=\"text-editor.default\">\n\t\t\t\t<div class=\"elementor-widget-container\">\n\t\t\t\t\t\t\t\t\t<h2>Identifizierung des Veranstalters (Objekt).<\/h2>\n<p>Mit dem Ziel, den Bekanntheitsgrad des Instagram-Kontos @canariasimprovisa, dessen Inhaberin Irene Luisa \u00c1lvarez Rodr\u00edguez mit Adresse in Ladera Pintora 8, La Esperanza 38290, Santa Cruz de Tenerife und Inhaberin der Steueridentifikationsnummer 54047648V und der E-Mail-Adresse festival@canariasimprovisa.com ist, zu f\u00f6rdern, wird ein Gewinnspiel mit dem Namen &#8222;Canarias Improvisa&#8220; (im Folgenden &#8222;Canarias Improvisa Instagram-Gewinnspiel&#8220;) beworben, f\u00fcr das die folgenden Rechtsgrundlagen gelten werden:<\/p>\n<h3>Territorialer Geltungsbereich der Aktion<\/h3>\n<p>Diese Aktion ist nur f\u00fcr Einwohner der Kanarischen Inseln g\u00fcltig.<\/p>\n<h3>Art der F\u00f6rderung<\/h3>\n<p>Die Teilnahme an dieser Aktion ist kostenlos.<\/p>\n<h3>Bedingungen f\u00fcr die Teilnahme<\/h3>\n<p>Alle vollj\u00e4hrigen nat\u00fcrlichen Personen mit Wohnsitz auf den Kanarischen Inseln sind zur Teilnahme an der Verlosung berechtigt.<\/p>\n<h3>Start- und Enddatum der Aktion<\/h3>\n<p>Der Zeitraum, in dem die Teilnahme am Gewinnspiel m\u00f6glich ist, beginnt am 12. Juni um 10:00 Uhr (kanarische Zeit) und endet am 20. Juni um 10:00 Uhr (kanarische Zeit), jeweils einschlie\u00dflich.<\/p>\n<h3>Mechanismen der F\u00f6rderung<\/h3>\n<p>Der Wettbewerb richtet sich an Erwachsene und Einwohner der Kanarischen Inseln. Der Wettbewerbsteilnehmer muss Folgendes tun: Wie die Post, erw\u00e4hnen Sie zwei Personen, mit denen Sie nicht gehen, um die I Festival de Improvisaci\u00f3n Teatral de Canarias verpassen, teilen in Geschichten, so dass es eine gr\u00f6\u00dfere Reichweite hat. Jegliche Respektlosigkeit, Unh\u00f6flichkeit oder Dem\u00fctigung w\u00e4hrend des Wettbewerbs f\u00fchrt zur sofortigen Disqualifikation des Teilnehmers.<\/p>\n<h3>Datum der Aktion und Anzahl der Gewinner<\/h3>\n<p>Die Verlosung findet am 20. April um 10.00 Uhr nach Ende der Aktion statt, und es wird ein Gewinner ermittelt.<br \/>Diese Verlosung wird aus einem einzigen Gewinner bestehen, der \u00fcber die easypromos Plattform ausgew\u00e4hlt wird, die ein G\u00fcltigkeitszertifikat ausstellen wird.<\/p>\n<h3>Preis<\/h3>\n<p>Der Preis besteht aus einer doppelten Dauerkarte f\u00fcr die Erwachsenenvorstellungen von &#8222;Solo. Ein improvisiertes Liebesmusical&#8220; und &#8222;Bagagem&#8220;.<br \/>Der Preis unterliegt den folgenden Bedingungen:<br \/>&#8211; Die Preise k\u00f6nnen nicht auf Wunsch des Gewinners ge\u00e4ndert, umgestaltet oder kompensiert werden.<br \/>&#8211; Der siegreiche Teilnehmer kann auf den gewonnenen Preis verzichten, aber in keinem Fall wird ein anderer Preis angeboten, und ein solcher Verzicht gibt auch keinen Anspruch auf Entsch\u00e4digung oder Schadenersatz.<br \/>&#8211; Der Preis kann nicht auf eine andere Person \u00fcbertragen werden, und wenn der Teilnehmer nicht teilnehmen kann, darf keine andere Person an seiner Stelle teilnehmen.<br \/>&#8211; Ohne die f\u00fcr die Preisvergabe erforderlichen Angaben werden keine Teilnehmer akzeptiert.<br \/>&#8211; Der\/die Gewinner\/in muss auf Anfrage seine\/ihre Daten angeben.<\/p>\n<h3>Bekanntgabe der Preise und Teilnahmeberechtigung<\/h3>\n<p>Der Gewinner wird am 20. Juni um 10:00 Uhr auf Canarias Improvisa bekannt gegeben.<br \/>Canarias Improvisa wird den Gewinner \u00fcber Instagram kontaktieren. Canarias Improvisa kann die Daten des Gewinners in den verschiedenen sozialen Netzwerken ver\u00f6ffentlichen.<\/p>\n<p>Der Gewinner erh\u00e4lt von Canarias Improvisa eine E-Mail mit einer Best\u00e4tigung \u00fcber die Annahme des Preises, die er innerhalb eines (1) Kalendertages auf dem daf\u00fcr vorgesehenen Weg mit den geforderten Daten und Unterlagen, die ordnungsgem\u00e4\u00df unterzeichnet sein m\u00fcssen, als Beweis f\u00fcr die Annahme des Preises beantworten muss.<\/p>\n<p>Wenn der Gewinner\/die Gewinnerin nicht innerhalb von 24 Stunden kontaktiert wird, verliert er\/sie automatisch seinen\/ihren Preis und der Preis wird dem Stellvertreter\/der Stellvertreterin zuerkannt, der\/die in der Reihenfolge der Ziehung ganz oben auf der Liste steht.<\/p>\n<p>Die tats\u00e4chliche Aush\u00e4ndigung des Preises erfolgt gem\u00e4\u00df den Bedingungen und der Form, die im Dokument \u00fcber die Annahme des Preises beschrieben sind, unter der Bedingung, dass dieses Dokument, wie im vorhergehenden Absatz beschrieben, zur\u00fcckgegeben wird und die Bedingungen der vorliegenden Rechtsgrundlagen erf\u00fcllt werden.<\/p>\n<h3>Voraussetzungen f\u00fcr die Verleihung des Preises  <\/h3>\n<p>Der Gewinner muss sich am vereinbarten Datum an der Kasse des Teatro Leal und\/oder des Aguere Espacio Cultural einfinden, um die Karten abzuholen.<\/p>\n<h3>Betrug<\/h3>\n<p>F\u00fcr den Fall, dass Canarias Improvisa Anomalien feststellt oder den Verdacht hat, dass ein Teilnehmer den normalen Ablauf der Verlosung behindert, den Zielen der Verlosung schadet oder eine der folgenden Handlungen vornimmt<br \/>Canarias Improvisa beh\u00e4lt sich das Recht vor, die Teilnahme des\/der betreffenden Teilnehmer(s) zu stornieren, unbeschadet anderer rechtlicher Ma\u00dfnahmen, die sie f\u00fcr angemessen h\u00e4lt.<\/p>\n<p>In diesem Zusammenhang hat Canarias Improvisa die notwendigen technischen Hilfsmittel eingerichtet, um jede betr\u00fcgerische, irregul\u00e4re oder missbr\u00e4uchliche Handlung aufzudecken, die das normale Funktionieren des Gewinnspiels beeintr\u00e4chtigen k\u00f6nnte.<\/p>\n<h3>Befreiung von der Haftung<\/h3>\n<p>Im Rahmen dieser Aktion ist Canarias Improvisa von jeglicher Verantwortung befreit, die sich aus Umst\u00e4nden ergibt, die Dritten zuzuschreiben sind und die den Ablauf der Verlosung und insbesondere die \u00dcbergabe des Preises beeintr\u00e4chtigen k\u00f6nnen.<br \/>In diesem Sinne haften die oben genannten Einrichtungen in keinem Fall f\u00fcr direkte, indirekte und\/oder indirekte Sch\u00e4den jeglicher Art, die aus Anlass oder als Folge der Inanspruchnahme des Preises entstehen k\u00f6nnen, unabh\u00e4ngig davon, ob diese sofort oder sp\u00e4ter eintreten.<\/p>\n<h3>Beanstandungen<\/h3>\n<p>Alle Anspr\u00fcche, die sich aus dieser Verlosung ergeben, m\u00fcssen innerhalb von drei (3) Monaten nach dem Datum der Verlosung eingereicht werden.<\/p>\n<h3>Datenschutzbestimmungen<\/h3>\n<p>Canarias Improvisa wird die pers\u00f6nlichen Daten seiner Kunden verwenden, um den Gewinner und die Stellvertreter der Verlosung zu ermitteln. In dieser Hinsicht verpflichten sich die Mitgliedsorganisationen, die Bestimmungen des Organisationsgesetzes der Europ\u00e4ischen Union einzuhalten.<br \/>15\/1999 vom 13. Dezember \u00fcber den Schutz personenbezogener Daten, der K\u00f6nigliche Erlass 1720\/2007 vom 21. Dezember zur Verabschiedung der Verordnungen zur Durchf\u00fchrung des Organgesetzes 15\/1999 vom 13. Dezember \u00fcber den Schutz personenbezogener Daten und des Gesetzes 34\/2002 vom 11. Juli \u00fcber die Dienste der Informationsgesellschaft und den elektronischen Gesch\u00e4ftsverkehr.<br \/>Die Teilnehmer k\u00f6nnen die ihnen zustehenden Rechte auf Auskunft, Berichtigung, L\u00f6schung und Widerspruch in der festgelegten Form aus\u00fcben, die ihre Beziehung zu Canarias Improvisa regelt Genehmigung der Verwendung des Namens und \u00dcbertragung der Bildrechte Der Gewinner erm\u00e4chtigt Canarias Improvisa, seinen Namen, Nachnamen und sein Bild zu reproduzieren und zu verwenden, in allen Werbe- und Promotionsaktivit\u00e4ten in allen Medien (Fernsehen, Internet, soziale Netzwerke oder andere), die mit der vorliegenden Verlosung in Verbindung stehen, weltweit und mit einer befristeten Dauer von zwei (2) Jahren ab dem Datum der Annahme des Preises, ohne dass dies ein Recht auf Verg\u00fctung oder Vorteile jeglicher Art begr\u00fcndet, mit Ausnahme der<br \/>Auszeichnung erhalten. Diese Zustimmung kann jederzeit vom Gewinner widerrufen werden, der dann Canarias Improvisa f\u00fcr den entstandenen Schaden entsch\u00e4digen muss.<\/p>\n<h3>Akzeptanz der Rechtsgrundlage<\/h3>\n<p>Die Teilnahme an der Verlosung setzt die vollst\u00e4ndige Akzeptanz der vorliegenden Teilnahmebedingungen sowie die Akzeptanz der Kriterien von Canarias Improvisa bei den diesbez\u00fcglichen Auslegungsentscheidungen voraus.<\/p>\n<h3>\u00c4nderungen<\/h3>\n<p>Canarias Improvisa beh\u00e4lt sich das Recht vor, \u00c4nderungen vorzunehmen, das Gewinnspiel auszusetzen, zu verk\u00fcrzen oder zu verl\u00e4ngern, wenn h\u00f6here Gewalt vorliegt, auf die Canarias Improvisa keinen Einfluss hat, und verpflichtet sich, diese \u00c4nderungen in gleichem Ma\u00dfe bekannt zu machen wie diese Allgemeinen Gesch\u00e4ftsbedingungen.<\/p>\n<h3>Anwendbares Recht und Gerichtsbarkeit<\/h3>\n<p>Diese Aktion unterliegt dem geltenden spanischen Gewohnheitsrecht.<br \/>F\u00fcr alle Streitigkeiten, die sich aus der Auslegung und Anwendung dieser Bedingungen ergeben, unterwerfen sich Canarias Improvisa und die teilnehmenden Unternehmen sowie die Teilnehmer dieses Gewinnspiels ausdr\u00fccklich der Gerichtsbarkeit der Gerichte und Tribunale der Stadt Madrid, unbeschadet der Gerichtsbarkeit, die nach dem Gesetz dem Verbraucher zustehen kann.<\/p>\n\t\t\t\t\t\t\t\t<\/div>\n\t\t\t\t<\/div>\n\t\t\t\t\t<\/div>\n\t\t<\/div>\n\t\t\t\t\t<\/div>\n\t\t<\/section>\n\t\t\t\t<\/div>\n\t\t","protected":false},"excerpt":{"rendered":"<p>KANARIENVOGEL IMPROVISIERT Rechtsgrundlage der Verlosung Identifizierung des Veranstalters (Objekt). Mit dem Ziel, den Bekanntheitsgrad des Instagram-Kontos @canariasimprovisa, dessen Inhaberin Irene Luisa \u00c1lvarez Rodr\u00edguez mit Adresse in Ladera Pintora 8, La Esperanza 38290, Santa Cruz de Tenerife und Inhaberin der Steueridentifikationsnummer 54047648V und der E-Mail-Adresse festival@canariasimprovisa.com ist, zu f\u00f6rdern, wird ein Gewinnspiel mit dem Namen &#8222;Canarias [&hellip;]<\/p>\n","protected":false},"author":1,"featured_media":0,"parent":0,"menu_order":0,"comment_status":"closed","ping_status":"closed","template":"elementor_header_footer","meta":{"footnotes":""},"class_list":["post-2760","page","type-page","status-publish","hentry"],"yoast_head":"<!-- This site is optimized with the Yoast SEO plugin v26.8 - https:\/\/yoast.com\/product\/yoast-seo-wordpress\/ -->\n<title>Rechtsgrundlagen der Verlosung &quot;Canarias Improvisa&quot;. - Festival Impro<\/title>\n<meta name=\"robots\" content=\"index, follow, max-snippet:-1, max-image-preview:large, max-video-preview:-1\" \/>\n<link rel=\"canonical\" href=\"https:\/\/www.canariasimprovisa.com\/de\/rechtsgrundlagen-der-verlosung-canarias-improvisa\/\" \/>\n<meta property=\"og:locale\" content=\"de_DE\" \/>\n<meta property=\"og:type\" content=\"article\" \/>\n<meta property=\"og:title\" content=\"Rechtsgrundlagen der Verlosung &quot;Canarias Improvisa&quot;. - Festival Impro\" \/>\n<meta property=\"og:description\" content=\"KANARIENVOGEL IMPROVISIERT Rechtsgrundlage der Verlosung Identifizierung des Veranstalters (Objekt). Mit dem Ziel, den Bekanntheitsgrad des Instagram-Kontos @canariasimprovisa, dessen Inhaberin Irene Luisa \u00c1lvarez Rodr\u00edguez mit Adresse in Ladera Pintora 8, La Esperanza 38290, Santa Cruz de Tenerife und Inhaberin der Steueridentifikationsnummer 54047648V und der E-Mail-Adresse festival@canariasimprovisa.com ist, zu f\u00f6rdern, wird ein Gewinnspiel mit dem Namen &#8222;Canarias [&hellip;]\" \/>\n<meta property=\"og:url\" content=\"https:\/\/www.canariasimprovisa.com\/de\/rechtsgrundlagen-der-verlosung-canarias-improvisa\/\" \/>\n<meta property=\"og:site_name\" content=\"Festival Impro\" \/>\n<meta property=\"article:modified_time\" content=\"2023-06-15T12:47:24+00:00\" \/>\n<meta property=\"og:image\" content=\"https:\/\/www.canariasimprovisa.com\/wp-content\/uploads\/2022\/03\/Logo-Nudo-Cartel-WEB.png\" \/>\n\t<meta property=\"og:image:width\" content=\"3546\" \/>\n\t<meta property=\"og:image:height\" content=\"1313\" \/>\n\t<meta property=\"og:image:type\" content=\"image\/png\" \/>\n<meta name=\"twitter:card\" content=\"summary_large_image\" \/>\n<meta name=\"twitter:label1\" content=\"Gesch\u00e4tzte Lesezeit\" \/>\n\t<meta name=\"twitter:data1\" content=\"6\u00a0Minuten\" \/>\n<script type=\"application\/ld+json\" class=\"yoast-schema-graph\">{\"@context\":\"https:\/\/schema.org\",\"@graph\":[{\"@type\":\"WebPage\",\"@id\":\"https:\/\/www.canariasimprovisa.com\/de\/rechtsgrundlagen-der-verlosung-canarias-improvisa\/\",\"url\":\"https:\/\/www.canariasimprovisa.com\/de\/rechtsgrundlagen-der-verlosung-canarias-improvisa\/\",\"name\":\"Rechtsgrundlagen der Verlosung \\\"Canarias Improvisa\\\". - Festival Impro\",\"isPartOf\":{\"@id\":\"https:\/\/www.canariasimprovisa.com\/de\/#website\"},\"datePublished\":\"2022-04-11T18:22:29+00:00\",\"dateModified\":\"2023-06-15T12:47:24+00:00\",\"breadcrumb\":{\"@id\":\"https:\/\/www.canariasimprovisa.com\/de\/rechtsgrundlagen-der-verlosung-canarias-improvisa\/#breadcrumb\"},\"inLanguage\":\"de\",\"potentialAction\":[{\"@type\":\"ReadAction\",\"target\":[\"https:\/\/www.canariasimprovisa.com\/de\/rechtsgrundlagen-der-verlosung-canarias-improvisa\/\"]}]},{\"@type\":\"BreadcrumbList\",\"@id\":\"https:\/\/www.canariasimprovisa.com\/de\/rechtsgrundlagen-der-verlosung-canarias-improvisa\/#breadcrumb\",\"itemListElement\":[{\"@type\":\"ListItem\",\"position\":1,\"name\":\"Portada\",\"item\":\"https:\/\/www.canariasimprovisa.com\/de\/\"},{\"@type\":\"ListItem\",\"position\":2,\"name\":\"Rechtsgrundlagen der Verlosung &#8222;Canarias Improvisa&#8220;.\"}]},{\"@type\":\"WebSite\",\"@id\":\"https:\/\/www.canariasimprovisa.com\/de\/#website\",\"url\":\"https:\/\/www.canariasimprovisa.com\/de\/\",\"name\":\"Festival Impro\",\"description\":\"Festival de Improvisaci\u00f3n de Canarias.\",\"potentialAction\":[{\"@type\":\"SearchAction\",\"target\":{\"@type\":\"EntryPoint\",\"urlTemplate\":\"https:\/\/www.canariasimprovisa.com\/de\/?s={search_term_string}\"},\"query-input\":{\"@type\":\"PropertyValueSpecification\",\"valueRequired\":true,\"valueName\":\"search_term_string\"}}],\"inLanguage\":\"de\"}]}<\/script>\n<!-- \/ Yoast SEO plugin. -->","yoast_head_json":{"title":"Rechtsgrundlagen der Verlosung \"Canarias Improvisa\". - Festival Impro","robots":{"index":"index","follow":"follow","max-snippet":"max-snippet:-1","max-image-preview":"max-image-preview:large","max-video-preview":"max-video-preview:-1"},"canonical":"https:\/\/www.canariasimprovisa.com\/de\/rechtsgrundlagen-der-verlosung-canarias-improvisa\/","og_locale":"de_DE","og_type":"article","og_title":"Rechtsgrundlagen der Verlosung \"Canarias Improvisa\". - Festival Impro","og_description":"KANARIENVOGEL IMPROVISIERT Rechtsgrundlage der Verlosung Identifizierung des Veranstalters (Objekt). Mit dem Ziel, den Bekanntheitsgrad des Instagram-Kontos @canariasimprovisa, dessen Inhaberin Irene Luisa \u00c1lvarez Rodr\u00edguez mit Adresse in Ladera Pintora 8, La Esperanza 38290, Santa Cruz de Tenerife und Inhaberin der Steueridentifikationsnummer 54047648V und der E-Mail-Adresse festival@canariasimprovisa.com ist, zu f\u00f6rdern, wird ein Gewinnspiel mit dem Namen &#8222;Canarias [&hellip;]","og_url":"https:\/\/www.canariasimprovisa.com\/de\/rechtsgrundlagen-der-verlosung-canarias-improvisa\/","og_site_name":"Festival Impro","article_modified_time":"2023-06-15T12:47:24+00:00","og_image":[{"width":3546,"height":1313,"url":"https:\/\/www.canariasimprovisa.com\/wp-content\/uploads\/2022\/03\/Logo-Nudo-Cartel-WEB.png","type":"image\/png"}],"twitter_card":"summary_large_image","twitter_misc":{"Gesch\u00e4tzte Lesezeit":"6\u00a0Minuten"},"schema":{"@context":"https:\/\/schema.org","@graph":[{"@type":"WebPage","@id":"https:\/\/www.canariasimprovisa.com\/de\/rechtsgrundlagen-der-verlosung-canarias-improvisa\/","url":"https:\/\/www.canariasimprovisa.com\/de\/rechtsgrundlagen-der-verlosung-canarias-improvisa\/","name":"Rechtsgrundlagen der Verlosung \"Canarias Improvisa\". - Festival Impro","isPartOf":{"@id":"https:\/\/www.canariasimprovisa.com\/de\/#website"},"datePublished":"2022-04-11T18:22:29+00:00","dateModified":"2023-06-15T12:47:24+00:00","breadcrumb":{"@id":"https:\/\/www.canariasimprovisa.com\/de\/rechtsgrundlagen-der-verlosung-canarias-improvisa\/#breadcrumb"},"inLanguage":"de","potentialAction":[{"@type":"ReadAction","target":["https:\/\/www.canariasimprovisa.com\/de\/rechtsgrundlagen-der-verlosung-canarias-improvisa\/"]}]},{"@type":"BreadcrumbList","@id":"https:\/\/www.canariasimprovisa.com\/de\/rechtsgrundlagen-der-verlosung-canarias-improvisa\/#breadcrumb","itemListElement":[{"@type":"ListItem","position":1,"name":"Portada","item":"https:\/\/www.canariasimprovisa.com\/de\/"},{"@type":"ListItem","position":2,"name":"Rechtsgrundlagen der Verlosung &#8222;Canarias Improvisa&#8220;."}]},{"@type":"WebSite","@id":"https:\/\/www.canariasimprovisa.com\/de\/#website","url":"https:\/\/www.canariasimprovisa.com\/de\/","name":"Festival Impro","description":"Festival de Improvisaci\u00f3n de Canarias.","potentialAction":[{"@type":"SearchAction","target":{"@type":"EntryPoint","urlTemplate":"https:\/\/www.canariasimprovisa.com\/de\/?s={search_term_string}"},"query-input":{"@type":"PropertyValueSpecification","valueRequired":true,"valueName":"search_term_string"}}],"inLanguage":"de"}]}},"_links":{"self":[{"href":"https:\/\/www.canariasimprovisa.com\/de\/wp-json\/wp\/v2\/pages\/2760","targetHints":{"allow":["GET"]}}],"collection":[{"href":"https:\/\/www.canariasimprovisa.com\/de\/wp-json\/wp\/v2\/pages"}],"about":[{"href":"https:\/\/www.canariasimprovisa.com\/de\/wp-json\/wp\/v2\/types\/page"}],"author":[{"embeddable":true,"href":"https:\/\/www.canariasimprovisa.com\/de\/wp-json\/wp\/v2\/users\/1"}],"replies":[{"embeddable":true,"href":"https:\/\/www.canariasimprovisa.com\/de\/wp-json\/wp\/v2\/comments?post=2760"}],"version-history":[{"count":3,"href":"https:\/\/www.canariasimprovisa.com\/de\/wp-json\/wp\/v2\/pages\/2760\/revisions"}],"predecessor-version":[{"id":3881,"href":"https:\/\/www.canariasimprovisa.com\/de\/wp-json\/wp\/v2\/pages\/2760\/revisions\/3881"}],"wp:attachment":[{"href":"https:\/\/www.canariasimprovisa.com\/de\/wp-json\/wp\/v2\/media?parent=2760"}],"curies":[{"name":"wp","href":"https:\/\/api.w.org\/{rel}","templated":true}]}}