{"id":2756,"date":"2022-03-21T08:31:07","date_gmt":"2022-03-21T08:31:07","guid":{"rendered":"https:\/\/www.canariasimprovisa.com\/unternehmen\/impro-match\/"},"modified":"2025-09-12T13:21:43","modified_gmt":"2025-09-12T13:21:43","slug":"impro-match","status":"publish","type":"page","link":"https:\/\/www.canariasimprovisa.com\/de\/unternehmen\/impro-match\/","title":{"rendered":"IMPRO MATCH"},"content":{"rendered":"\t\t<div data-elementor-type=\"wp-page\" data-elementor-id=\"2756\" class=\"elementor elementor-2756 elementor-1449\" data-elementor-post-type=\"page\">\n\t\t\t\t\t\t<section class=\"elementor-section elementor-top-section elementor-element elementor-element-65b4ae37 elementor-section-boxed elementor-section-height-default elementor-section-height-default\" data-id=\"65b4ae37\" data-element_type=\"section\" data-settings=\"{&quot;background_background&quot;:&quot;classic&quot;,&quot;shape_divider_bottom&quot;:&quot;curve&quot;}\">\n\t\t\t\t\t\t\t<div class=\"elementor-background-overlay\"><\/div>\n\t\t\t\t\t\t<div class=\"elementor-shape elementor-shape-bottom\" aria-hidden=\"true\" data-negative=\"false\">\n\t\t\t<svg xmlns=\"http:\/\/www.w3.org\/2000\/svg\" viewBox=\"0 0 1000 100\" preserveAspectRatio=\"none\">\n    <path class=\"elementor-shape-fill\" d=\"M1000,4.3V0H0v4.3C0.9,23.1,126.7,99.2,500,100S1000,22.7,1000,4.3z\"\/>\n<\/svg>\t\t<\/div>\n\t\t\t\t\t<div class=\"elementor-container elementor-column-gap-default\">\n\t\t\t\t\t<div class=\"elementor-column elementor-col-100 elementor-top-column elementor-element elementor-element-12e30f05\" data-id=\"12e30f05\" data-element_type=\"column\">\n\t\t\t<div class=\"elementor-widget-wrap elementor-element-populated\">\n\t\t\t\t\t\t<section class=\"elementor-section elementor-inner-section elementor-element elementor-element-6d624575 elementor-section-boxed elementor-section-height-default elementor-section-height-default\" data-id=\"6d624575\" data-element_type=\"section\">\n\t\t\t\t\t\t<div class=\"elementor-container elementor-column-gap-default\">\n\t\t\t\t\t<div class=\"elementor-column elementor-col-100 elementor-inner-column elementor-element elementor-element-41c4cda6\" data-id=\"41c4cda6\" data-element_type=\"column\">\n\t\t\t<div class=\"elementor-widget-wrap elementor-element-populated\">\n\t\t\t\t\t\t<div class=\"elementor-element elementor-element-921fdc6 elementor-invisible elementor-widget elementor-widget-heading\" data-id=\"921fdc6\" data-element_type=\"widget\" data-settings=\"{&quot;_animation&quot;:&quot;fadeInUp&quot;}\" data-widget_type=\"heading.default\">\n\t\t\t\t<div class=\"elementor-widget-container\">\n\t\t\t\t\t<h1 class=\"elementor-heading-title elementor-size-large\">UNTERNEHMEN<\/h1>\t\t\t\t<\/div>\n\t\t\t\t<\/div>\n\t\t\t\t<div class=\"elementor-element elementor-element-7ffc4a16 elementor-invisible elementor-widget elementor-widget-heading\" data-id=\"7ffc4a16\" data-element_type=\"widget\" data-settings=\"{&quot;_animation&quot;:&quot;fadeIn&quot;}\" data-widget_type=\"heading.default\">\n\t\t\t\t<div class=\"elementor-widget-container\">\n\t\t\t\t\t<div class=\"elementor-heading-title elementor-size-xxl\">IMPRO MATCH<\/div>\t\t\t\t<\/div>\n\t\t\t\t<\/div>\n\t\t\t\t<div class=\"elementor-element elementor-element-11b3598b elementor-widget elementor-widget-text-editor\" data-id=\"11b3598b\" data-element_type=\"widget\" data-widget_type=\"text-editor.default\">\n\t\t\t\t<div class=\"elementor-widget-container\">\n\t\t\t\t\t\t\t\t\t<p>Unternehmen Canarias Improvisa 2025 (Gran Canaria, Teneriffa, Madrid, Alicante, Brasilien und Kolumbien).<\/p>\t\t\t\t\t\t\t\t<\/div>\n\t\t\t\t<\/div>\n\t\t\t\t\t<\/div>\n\t\t<\/div>\n\t\t\t\t\t<\/div>\n\t\t<\/section>\n\t\t\t\t<div class=\"elementor-element elementor-element-40f6f654 elementor-widget elementor-widget-spacer\" data-id=\"40f6f654\" data-element_type=\"widget\" data-widget_type=\"spacer.default\">\n\t\t\t\t<div class=\"elementor-widget-container\">\n\t\t\t\t\t\t\t<div class=\"elementor-spacer\">\n\t\t\t<div class=\"elementor-spacer-inner\"><\/div>\n\t\t<\/div>\n\t\t\t\t\t\t<\/div>\n\t\t\t\t<\/div>\n\t\t\t\t\t<\/div>\n\t\t<\/div>\n\t\t\t\t\t<\/div>\n\t\t<\/section>\n\t\t\t\t<section class=\"elementor-section elementor-top-section elementor-element elementor-element-7816c051 elementor-section-boxed elementor-section-height-default elementor-section-height-default\" data-id=\"7816c051\" data-element_type=\"section\" data-settings=\"{&quot;background_background&quot;:&quot;classic&quot;}\">\n\t\t\t\t\t\t<div class=\"elementor-container elementor-column-gap-default\">\n\t\t\t\t\t<div class=\"elementor-column elementor-col-100 elementor-top-column elementor-element elementor-element-367c0d4b\" data-id=\"367c0d4b\" data-element_type=\"column\">\n\t\t\t<div class=\"elementor-widget-wrap elementor-element-populated\">\n\t\t\t\t\t\t<div class=\"elementor-element elementor-element-600e57ae elementor-invisible elementor-widget elementor-widget-heading\" data-id=\"600e57ae\" data-element_type=\"widget\" data-settings=\"{&quot;_animation&quot;:&quot;fadeInUp&quot;}\" data-widget_type=\"heading.default\">\n\t\t\t\t<div class=\"elementor-widget-container\">\n\t\t\t\t\t<h5 class=\"elementor-heading-title elementor-size-default\">Unternehmen<\/h5>\t\t\t\t<\/div>\n\t\t\t\t<\/div>\n\t\t\t\t<div class=\"elementor-element elementor-element-40f84340 elementor-invisible elementor-widget elementor-widget-heading\" data-id=\"40f84340\" data-element_type=\"widget\" data-settings=\"{&quot;_animation&quot;:&quot;fadeInUp&quot;}\" data-widget_type=\"heading.default\">\n\t\t\t\t<div class=\"elementor-widget-container\">\n\t\t\t\t\t<h2 class=\"elementor-heading-title elementor-size-default\"><span class=\"yellow\">IMPRO<\/span> MATCH<\/h2>\t\t\t\t<\/div>\n\t\t\t\t<\/div>\n\t\t\t\t<section class=\"elementor-section elementor-inner-section elementor-element elementor-element-4e1f21bb elementor-section-content-middle elementor-section-boxed elementor-section-height-default elementor-section-height-default\" data-id=\"4e1f21bb\" data-element_type=\"section\">\n\t\t\t\t\t\t<div class=\"elementor-container elementor-column-gap-no\">\n\t\t\t\t\t<div class=\"elementor-column elementor-col-50 elementor-inner-column elementor-element elementor-element-25f944e4\" data-id=\"25f944e4\" data-element_type=\"column\">\n\t\t\t<div class=\"elementor-widget-wrap elementor-element-populated\">\n\t\t\t\t\t\t<div class=\"elementor-element elementor-element-1fc1912c elementor-invisible elementor-widget elementor-widget-image\" data-id=\"1fc1912c\" data-element_type=\"widget\" data-settings=\"{&quot;_animation&quot;:&quot;zoomIn&quot;}\" data-widget_type=\"image.default\">\n\t\t\t\t<div class=\"elementor-widget-container\">\n\t\t\t\t\t\t\t\t\t\t\t\t\t\t\t<img fetchpriority=\"high\" decoding=\"async\" width=\"2000\" height=\"1333\" src=\"https:\/\/www.canariasimprovisa.com\/wp-content\/uploads\/2025\/08\/08.11.24-Match-de-Impro-28.jpg\" class=\"attachment-full size-full wp-image-6415\" alt=\"\" srcset=\"https:\/\/www.canariasimprovisa.com\/wp-content\/uploads\/2025\/08\/08.11.24-Match-de-Impro-28.jpg 2000w, https:\/\/www.canariasimprovisa.com\/wp-content\/uploads\/2025\/08\/08.11.24-Match-de-Impro-28-300x200.jpg 300w, https:\/\/www.canariasimprovisa.com\/wp-content\/uploads\/2025\/08\/08.11.24-Match-de-Impro-28-1024x682.jpg 1024w, https:\/\/www.canariasimprovisa.com\/wp-content\/uploads\/2025\/08\/08.11.24-Match-de-Impro-28-768x512.jpg 768w, https:\/\/www.canariasimprovisa.com\/wp-content\/uploads\/2025\/08\/08.11.24-Match-de-Impro-28-1536x1024.jpg 1536w\" sizes=\"(max-width: 2000px) 100vw, 2000px\" \/>\t\t\t\t\t\t\t\t\t\t\t\t\t\t\t<\/div>\n\t\t\t\t<\/div>\n\t\t\t\t\t<\/div>\n\t\t<\/div>\n\t\t\t\t<div class=\"elementor-column elementor-col-50 elementor-inner-column elementor-element elementor-element-23ac18f0 elementor-invisible\" data-id=\"23ac18f0\" data-element_type=\"column\" data-settings=\"{&quot;animation&quot;:&quot;fadeInRight&quot;}\">\n\t\t\t<div class=\"elementor-widget-wrap elementor-element-populated\">\n\t\t\t\t\t\t<div class=\"elementor-element elementor-element-25839c3e elementor-widget elementor-widget-heading\" data-id=\"25839c3e\" data-element_type=\"widget\" data-widget_type=\"heading.default\">\n\t\t\t\t<div class=\"elementor-widget-container\">\n\t\t\t\t\t<h3 class=\"elementor-heading-title elementor-size-xl\">anzeigen<\/h3>\t\t\t\t<\/div>\n\t\t\t\t<\/div>\n\t\t\t\t<div class=\"elementor-element elementor-element-6e2ea79f elementor-widget-divider--view-line elementor-widget elementor-widget-divider\" data-id=\"6e2ea79f\" data-element_type=\"widget\" data-widget_type=\"divider.default\">\n\t\t\t\t<div class=\"elementor-widget-container\">\n\t\t\t\t\t\t\t<div class=\"elementor-divider\">\n\t\t\t<span class=\"elementor-divider-separator\">\n\t\t\t\t\t\t<\/span>\n\t\t<\/div>\n\t\t\t\t\t\t<\/div>\n\t\t\t\t<\/div>\n\t\t\t\t<div class=\"elementor-element elementor-element-68658eb0 elementor-widget elementor-widget-text-editor\" data-id=\"68658eb0\" data-element_type=\"widget\" data-widget_type=\"text-editor.default\">\n\t\t\t\t<div class=\"elementor-widget-container\">\n\t\t\t\t\t\t\t\t\t<p><span style=\"font-weight: 400;\">La Luchada Impro kehrt zu Canarias Improvisa zur\u00fcck. Verpassen Sie nicht das kanarische Improvisationsderby: Heimteam gegen Ausw\u00e4rtsteam. Genie\u00dfen Sie ein wettbewerbsorientiertes Theaterimprovisationsformat, bei dem sich zwei Teams in einem Kampf des Witzes und der Kreativit\u00e4t gegen\u00fcberstehen. Mit der Beteiligung des Publikums, Irene \u00c1lvarez als Zeremonienmeisterin und der Leitung des Schiedsrichters JJ S\u00e1nchez in einer einzigartigen Show unter der Regie von Guacimara Gil. Lachen garantiert in einer unvergesslichen Nacht!    <\/span><\/p><p><span style=\"font-weight: 400;\">Im Spiel: Paula Galimberti, Ana Puerta, Romina Vives, Encarni Corrales, Efra\u00edn Mart\u00edn, Rafa Villena, Alberto Salvador, Ignacio L\u00f3pez. Moderiert von Irene \u00c1lvarez und geschiedsrichterlich geleitet von J.J. S\u00e1nchez.   <\/span><\/p>\t\t\t\t\t\t\t\t<\/div>\n\t\t\t\t<\/div>\n\t\t\t\t<div class=\"elementor-element elementor-element-99534f8 elementor-align-left elementor-mobile-align-center elementor-widget elementor-widget-button\" data-id=\"99534f8\" data-element_type=\"widget\" data-widget_type=\"button.default\">\n\t\t\t\t<div class=\"elementor-widget-container\">\n\t\t\t\t\t\t\t\t\t<div class=\"elementor-button-wrapper\">\n\t\t\t\t\t<a class=\"elementor-button elementor-button-link elementor-size-sm\" href=\"https:\/\/entradas.tickety.es\/events\/match-de-impro-la-luchada-canarias-improvisa%20\" target=\"_blank\">\n\t\t\t\t\t\t<span class=\"elementor-button-content-wrapper\">\n\t\t\t\t\t\t\t\t\t<span class=\"elementor-button-text\">TICKETS KAUFEN<\/span>\n\t\t\t\t\t<\/span>\n\t\t\t\t\t<\/a>\n\t\t\t\t<\/div>\n\t\t\t\t\t\t\t\t<\/div>\n\t\t\t\t<\/div>\n\t\t\t\t\t<\/div>\n\t\t<\/div>\n\t\t\t\t\t<\/div>\n\t\t<\/section>\n\t\t\t\t<section class=\"elementor-section elementor-inner-section elementor-element elementor-element-4b0e154 elementor-section-content-middle elementor-section-boxed elementor-section-height-default elementor-section-height-default\" data-id=\"4b0e154\" data-element_type=\"section\">\n\t\t\t\t\t\t<div class=\"elementor-container elementor-column-gap-no\">\n\t\t\t\t\t<div class=\"elementor-column elementor-col-100 elementor-inner-column elementor-element elementor-element-3db0b6e\" data-id=\"3db0b6e\" data-element_type=\"column\">\n\t\t\t<div class=\"elementor-widget-wrap elementor-element-populated\">\n\t\t\t\t\t\t<div class=\"elementor-element elementor-element-7b46b6d elementor-widget elementor-widget-video\" data-id=\"7b46b6d\" data-element_type=\"widget\" data-settings=\"{&quot;video_type&quot;:&quot;hosted&quot;,&quot;controls&quot;:&quot;yes&quot;}\" data-widget_type=\"video.default\">\n\t\t\t\t<div class=\"elementor-widget-container\">\n\t\t\t\t\t\t\t<div class=\"e-hosted-video elementor-wrapper elementor-open-inline\">\n\t\t\t\t\t<video class=\"elementor-video\" src=\"https:\/\/www.canariasimprovisa.com\/wp-content\/uploads\/2025\/08\/Teaser-match-Impro.mp4\" controls=\"\" preload=\"metadata\" controlsList=\"nodownload\" poster=\"https:\/\/www.canariasimprovisa.com\/wp-content\/uploads\/2025\/09\/CARTEL-MATCH-scaled.jpg\"><\/video>\n\t\t\t\t<\/div>\n\t\t\t\t\t\t<\/div>\n\t\t\t\t<\/div>\n\t\t\t\t\t<\/div>\n\t\t<\/div>\n\t\t\t\t\t<\/div>\n\t\t<\/section>\n\t\t\t\t\t<\/div>\n\t\t<\/div>\n\t\t\t\t\t<\/div>\n\t\t<\/section>\n\t\t\t\t<\/div>\n\t\t","protected":false},"excerpt":{"rendered":"<p>UNTERNEHMEN IMPRO MATCH Unternehmen Canarias Improvisa 2025 (Gran Canaria, Teneriffa, Madrid, Alicante, Brasilien und Kolumbien). Unternehmen IMPRO MATCH anzeigen La Luchada Impro kehrt zu Canarias Improvisa zur\u00fcck. Verpassen Sie nicht das kanarische Improvisationsderby: Heimteam gegen Ausw\u00e4rtsteam. Genie\u00dfen Sie ein wettbewerbsorientiertes Theaterimprovisationsformat, bei dem sich zwei Teams in einem Kampf des Witzes und der Kreativit\u00e4t gegen\u00fcberstehen. [&hellip;]<\/p>\n","protected":false},"author":1,"featured_media":0,"parent":2677,"menu_order":0,"comment_status":"closed","ping_status":"closed","template":"elementor_header_footer","meta":{"footnotes":""},"class_list":["post-2756","page","type-page","status-publish","hentry"],"yoast_head":"<!-- This site is optimized with the Yoast SEO plugin v26.8 - https:\/\/yoast.com\/product\/yoast-seo-wordpress\/ -->\n<title>Impro Match Canarias Improvisa. An dem Festival teilnehmende Unternehmen<\/title>\n<meta name=\"description\" content=\"Match de Impro ist eine der Gruppen, die am Improvisationstheaterfestival Canarias Improvisa teilnehmen. Entdecken Sie ihre Workshops.\" \/>\n<meta name=\"robots\" content=\"index, follow, max-snippet:-1, max-image-preview:large, max-video-preview:-1\" \/>\n<link rel=\"canonical\" href=\"https:\/\/www.canariasimprovisa.com\/de\/unternehmen\/impro-match\/\" \/>\n<meta property=\"og:locale\" content=\"de_DE\" \/>\n<meta property=\"og:type\" content=\"article\" \/>\n<meta property=\"og:title\" content=\"Impro Match Canarias Improvisa. An dem Festival teilnehmende Unternehmen\" \/>\n<meta property=\"og:description\" content=\"Match de Impro ist eine der Gruppen, die am Improvisationstheaterfestival Canarias Improvisa teilnehmen. Entdecken Sie ihre Workshops.\" \/>\n<meta property=\"og:url\" content=\"https:\/\/www.canariasimprovisa.com\/de\/unternehmen\/impro-match\/\" \/>\n<meta property=\"og:site_name\" content=\"Festival Impro\" \/>\n<meta property=\"article:modified_time\" content=\"2025-09-12T13:21:43+00:00\" \/>\n<meta property=\"og:image\" content=\"https:\/\/www.canariasimprovisa.com\/wp-content\/uploads\/2025\/08\/08.11.24-Match-de-Impro-28-1024x682.jpg\" \/>\n\t<meta property=\"og:image:width\" content=\"1024\" \/>\n\t<meta property=\"og:image:height\" content=\"682\" \/>\n\t<meta property=\"og:image:type\" content=\"image\/jpeg\" \/>\n<meta name=\"twitter:card\" content=\"summary_large_image\" \/>\n<meta name=\"twitter:label1\" content=\"Gesch\u00e4tzte Lesezeit\" \/>\n\t<meta name=\"twitter:data1\" content=\"2\u00a0Minuten\" \/>\n<script type=\"application\/ld+json\" class=\"yoast-schema-graph\">{\"@context\":\"https:\/\/schema.org\",\"@graph\":[{\"@type\":\"WebPage\",\"@id\":\"https:\/\/www.canariasimprovisa.com\/de\/unternehmen\/impro-match\/\",\"url\":\"https:\/\/www.canariasimprovisa.com\/de\/unternehmen\/impro-match\/\",\"name\":\"Impro Match Canarias Improvisa. An dem Festival teilnehmende Unternehmen\",\"isPartOf\":{\"@id\":\"https:\/\/www.canariasimprovisa.com\/de\/#website\"},\"primaryImageOfPage\":{\"@id\":\"https:\/\/www.canariasimprovisa.com\/de\/unternehmen\/impro-match\/#primaryimage\"},\"image\":{\"@id\":\"https:\/\/www.canariasimprovisa.com\/de\/unternehmen\/impro-match\/#primaryimage\"},\"thumbnailUrl\":\"https:\/\/www.canariasimprovisa.com\/wp-content\/uploads\/2025\/08\/08.11.24-Match-de-Impro-28.jpg\",\"datePublished\":\"2022-03-21T08:31:07+00:00\",\"dateModified\":\"2025-09-12T13:21:43+00:00\",\"description\":\"Match de Impro ist eine der Gruppen, die am Improvisationstheaterfestival Canarias Improvisa teilnehmen. Entdecken Sie ihre Workshops.\",\"breadcrumb\":{\"@id\":\"https:\/\/www.canariasimprovisa.com\/de\/unternehmen\/impro-match\/#breadcrumb\"},\"inLanguage\":\"de\",\"potentialAction\":[{\"@type\":\"ReadAction\",\"target\":[\"https:\/\/www.canariasimprovisa.com\/de\/unternehmen\/impro-match\/\"]}]},{\"@type\":\"ImageObject\",\"inLanguage\":\"de\",\"@id\":\"https:\/\/www.canariasimprovisa.com\/de\/unternehmen\/impro-match\/#primaryimage\",\"url\":\"https:\/\/www.canariasimprovisa.com\/wp-content\/uploads\/2025\/08\/08.11.24-Match-de-Impro-28.jpg\",\"contentUrl\":\"https:\/\/www.canariasimprovisa.com\/wp-content\/uploads\/2025\/08\/08.11.24-Match-de-Impro-28.jpg\"},{\"@type\":\"BreadcrumbList\",\"@id\":\"https:\/\/www.canariasimprovisa.com\/de\/unternehmen\/impro-match\/#breadcrumb\",\"itemListElement\":[{\"@type\":\"ListItem\",\"position\":1,\"name\":\"Portada\",\"item\":\"https:\/\/www.canariasimprovisa.com\/de\/\"},{\"@type\":\"ListItem\",\"position\":2,\"name\":\"Unternehmen\",\"item\":\"https:\/\/www.canariasimprovisa.com\/de\/companias\/\"},{\"@type\":\"ListItem\",\"position\":3,\"name\":\"IMPRO MATCH\"}]},{\"@type\":\"WebSite\",\"@id\":\"https:\/\/www.canariasimprovisa.com\/de\/#website\",\"url\":\"https:\/\/www.canariasimprovisa.com\/de\/\",\"name\":\"Festival Impro\",\"description\":\"Festival de Improvisaci\u00f3n de Canarias.\",\"potentialAction\":[{\"@type\":\"SearchAction\",\"target\":{\"@type\":\"EntryPoint\",\"urlTemplate\":\"https:\/\/www.canariasimprovisa.com\/de\/?s={search_term_string}\"},\"query-input\":{\"@type\":\"PropertyValueSpecification\",\"valueRequired\":true,\"valueName\":\"search_term_string\"}}],\"inLanguage\":\"de\"}]}<\/script>\n<!-- \/ Yoast SEO plugin. -->","yoast_head_json":{"title":"Impro Match Canarias Improvisa. An dem Festival teilnehmende Unternehmen","description":"Match de Impro ist eine der Gruppen, die am Improvisationstheaterfestival Canarias Improvisa teilnehmen. Entdecken Sie ihre Workshops.","robots":{"index":"index","follow":"follow","max-snippet":"max-snippet:-1","max-image-preview":"max-image-preview:large","max-video-preview":"max-video-preview:-1"},"canonical":"https:\/\/www.canariasimprovisa.com\/de\/unternehmen\/impro-match\/","og_locale":"de_DE","og_type":"article","og_title":"Impro Match Canarias Improvisa. An dem Festival teilnehmende Unternehmen","og_description":"Match de Impro ist eine der Gruppen, die am Improvisationstheaterfestival Canarias Improvisa teilnehmen. Entdecken Sie ihre Workshops.","og_url":"https:\/\/www.canariasimprovisa.com\/de\/unternehmen\/impro-match\/","og_site_name":"Festival Impro","article_modified_time":"2025-09-12T13:21:43+00:00","og_image":[{"width":1024,"height":682,"url":"https:\/\/www.canariasimprovisa.com\/wp-content\/uploads\/2025\/08\/08.11.24-Match-de-Impro-28-1024x682.jpg","type":"image\/jpeg"}],"twitter_card":"summary_large_image","twitter_misc":{"Gesch\u00e4tzte Lesezeit":"2\u00a0Minuten"},"schema":{"@context":"https:\/\/schema.org","@graph":[{"@type":"WebPage","@id":"https:\/\/www.canariasimprovisa.com\/de\/unternehmen\/impro-match\/","url":"https:\/\/www.canariasimprovisa.com\/de\/unternehmen\/impro-match\/","name":"Impro Match Canarias Improvisa. An dem Festival teilnehmende Unternehmen","isPartOf":{"@id":"https:\/\/www.canariasimprovisa.com\/de\/#website"},"primaryImageOfPage":{"@id":"https:\/\/www.canariasimprovisa.com\/de\/unternehmen\/impro-match\/#primaryimage"},"image":{"@id":"https:\/\/www.canariasimprovisa.com\/de\/unternehmen\/impro-match\/#primaryimage"},"thumbnailUrl":"https:\/\/www.canariasimprovisa.com\/wp-content\/uploads\/2025\/08\/08.11.24-Match-de-Impro-28.jpg","datePublished":"2022-03-21T08:31:07+00:00","dateModified":"2025-09-12T13:21:43+00:00","description":"Match de Impro ist eine der Gruppen, die am Improvisationstheaterfestival Canarias Improvisa teilnehmen. Entdecken Sie ihre Workshops.","breadcrumb":{"@id":"https:\/\/www.canariasimprovisa.com\/de\/unternehmen\/impro-match\/#breadcrumb"},"inLanguage":"de","potentialAction":[{"@type":"ReadAction","target":["https:\/\/www.canariasimprovisa.com\/de\/unternehmen\/impro-match\/"]}]},{"@type":"ImageObject","inLanguage":"de","@id":"https:\/\/www.canariasimprovisa.com\/de\/unternehmen\/impro-match\/#primaryimage","url":"https:\/\/www.canariasimprovisa.com\/wp-content\/uploads\/2025\/08\/08.11.24-Match-de-Impro-28.jpg","contentUrl":"https:\/\/www.canariasimprovisa.com\/wp-content\/uploads\/2025\/08\/08.11.24-Match-de-Impro-28.jpg"},{"@type":"BreadcrumbList","@id":"https:\/\/www.canariasimprovisa.com\/de\/unternehmen\/impro-match\/#breadcrumb","itemListElement":[{"@type":"ListItem","position":1,"name":"Portada","item":"https:\/\/www.canariasimprovisa.com\/de\/"},{"@type":"ListItem","position":2,"name":"Unternehmen","item":"https:\/\/www.canariasimprovisa.com\/de\/companias\/"},{"@type":"ListItem","position":3,"name":"IMPRO MATCH"}]},{"@type":"WebSite","@id":"https:\/\/www.canariasimprovisa.com\/de\/#website","url":"https:\/\/www.canariasimprovisa.com\/de\/","name":"Festival Impro","description":"Festival de Improvisaci\u00f3n de Canarias.","potentialAction":[{"@type":"SearchAction","target":{"@type":"EntryPoint","urlTemplate":"https:\/\/www.canariasimprovisa.com\/de\/?s={search_term_string}"},"query-input":{"@type":"PropertyValueSpecification","valueRequired":true,"valueName":"search_term_string"}}],"inLanguage":"de"}]}},"_links":{"self":[{"href":"https:\/\/www.canariasimprovisa.com\/de\/wp-json\/wp\/v2\/pages\/2756","targetHints":{"allow":["GET"]}}],"collection":[{"href":"https:\/\/www.canariasimprovisa.com\/de\/wp-json\/wp\/v2\/pages"}],"about":[{"href":"https:\/\/www.canariasimprovisa.com\/de\/wp-json\/wp\/v2\/types\/page"}],"author":[{"embeddable":true,"href":"https:\/\/www.canariasimprovisa.com\/de\/wp-json\/wp\/v2\/users\/1"}],"replies":[{"embeddable":true,"href":"https:\/\/www.canariasimprovisa.com\/de\/wp-json\/wp\/v2\/comments?post=2756"}],"version-history":[{"count":5,"href":"https:\/\/www.canariasimprovisa.com\/de\/wp-json\/wp\/v2\/pages\/2756\/revisions"}],"predecessor-version":[{"id":8002,"href":"https:\/\/www.canariasimprovisa.com\/de\/wp-json\/wp\/v2\/pages\/2756\/revisions\/8002"}],"up":[{"embeddable":true,"href":"https:\/\/www.canariasimprovisa.com\/de\/wp-json\/wp\/v2\/pages\/2677"}],"wp:attachment":[{"href":"https:\/\/www.canariasimprovisa.com\/de\/wp-json\/wp\/v2\/media?parent=2756"}],"curies":[{"name":"wp","href":"https:\/\/api.w.org\/{rel}","templated":true}]}}