{"id":2702,"date":"2022-03-08T13:18:00","date_gmt":"2022-03-08T13:18:00","guid":{"rendered":"https:\/\/www.canariasimprovisa.com\/unternehmen\/jamming\/"},"modified":"2025-09-10T06:41:55","modified_gmt":"2025-09-10T06:41:55","slug":"jamming","status":"publish","type":"page","link":"https:\/\/www.canariasimprovisa.com\/de\/unternehmen\/jamming\/","title":{"rendered":"JAM CANARIAS IMPROVISIERT"},"content":{"rendered":"\t\t<div data-elementor-type=\"wp-page\" data-elementor-id=\"2702\" class=\"elementor elementor-2702 elementor-904\" data-elementor-post-type=\"page\">\n\t\t\t\t\t\t<section class=\"elementor-section elementor-top-section elementor-element elementor-element-5d01de38 elementor-section-boxed elementor-section-height-default elementor-section-height-default\" data-id=\"5d01de38\" data-element_type=\"section\" data-settings=\"{&quot;background_background&quot;:&quot;classic&quot;,&quot;shape_divider_bottom&quot;:&quot;curve&quot;}\">\n\t\t\t\t\t\t\t<div class=\"elementor-background-overlay\"><\/div>\n\t\t\t\t\t\t<div class=\"elementor-shape elementor-shape-bottom\" aria-hidden=\"true\" data-negative=\"false\">\n\t\t\t<svg xmlns=\"http:\/\/www.w3.org\/2000\/svg\" viewBox=\"0 0 1000 100\" preserveAspectRatio=\"none\">\n    <path class=\"elementor-shape-fill\" d=\"M1000,4.3V0H0v4.3C0.9,23.1,126.7,99.2,500,100S1000,22.7,1000,4.3z\"\/>\n<\/svg>\t\t<\/div>\n\t\t\t\t\t<div class=\"elementor-container elementor-column-gap-default\">\n\t\t\t\t\t<div class=\"elementor-column elementor-col-100 elementor-top-column elementor-element elementor-element-6cf0075a\" data-id=\"6cf0075a\" data-element_type=\"column\">\n\t\t\t<div class=\"elementor-widget-wrap elementor-element-populated\">\n\t\t\t\t\t\t<section class=\"elementor-section elementor-inner-section elementor-element elementor-element-3bde2b0d elementor-section-boxed elementor-section-height-default elementor-section-height-default\" data-id=\"3bde2b0d\" data-element_type=\"section\">\n\t\t\t\t\t\t<div class=\"elementor-container elementor-column-gap-default\">\n\t\t\t\t\t<div class=\"elementor-column elementor-col-100 elementor-inner-column elementor-element elementor-element-10fdbbd4\" data-id=\"10fdbbd4\" data-element_type=\"column\">\n\t\t\t<div class=\"elementor-widget-wrap elementor-element-populated\">\n\t\t\t\t\t\t<div class=\"elementor-element elementor-element-11f16351 elementor-invisible elementor-widget elementor-widget-heading\" data-id=\"11f16351\" data-element_type=\"widget\" data-settings=\"{&quot;_animation&quot;:&quot;fadeInUp&quot;}\" data-widget_type=\"heading.default\">\n\t\t\t\t<div class=\"elementor-widget-container\">\n\t\t\t\t\t<h1 class=\"elementor-heading-title elementor-size-large\">Unternehmen<\/h1>\t\t\t\t<\/div>\n\t\t\t\t<\/div>\n\t\t\t\t<div class=\"elementor-element elementor-element-233222ed elementor-invisible elementor-widget elementor-widget-heading\" data-id=\"233222ed\" data-element_type=\"widget\" data-settings=\"{&quot;_animation&quot;:&quot;fadeIn&quot;}\" data-widget_type=\"heading.default\">\n\t\t\t\t<div class=\"elementor-widget-container\">\n\t\t\t\t\t<div class=\"elementor-heading-title elementor-size-xxl\">JAM CANARIAS IMPROVISIERT<\/div>\t\t\t\t<\/div>\n\t\t\t\t<\/div>\n\t\t\t\t<div class=\"elementor-element elementor-element-4daaabab elementor-widget elementor-widget-text-editor\" data-id=\"4daaabab\" data-element_type=\"widget\" data-widget_type=\"text-editor.default\">\n\t\t\t\t<div class=\"elementor-widget-container\">\n\t\t\t\t\t\t\t\t\t<p><span style=\"font-weight: 400;\">Der IMPRO JAM verspricht ein elektrisierender Abend mit Irene Alvarez und Guacimara Gil als Zeremonienmeister zu werden.<\/span><\/p>\t\t\t\t\t\t\t\t<\/div>\n\t\t\t\t<\/div>\n\t\t\t\t\t<\/div>\n\t\t<\/div>\n\t\t\t\t\t<\/div>\n\t\t<\/section>\n\t\t\t\t<div class=\"elementor-element elementor-element-5ddcef9a elementor-widget elementor-widget-spacer\" data-id=\"5ddcef9a\" data-element_type=\"widget\" data-widget_type=\"spacer.default\">\n\t\t\t\t<div class=\"elementor-widget-container\">\n\t\t\t\t\t\t\t<div class=\"elementor-spacer\">\n\t\t\t<div class=\"elementor-spacer-inner\"><\/div>\n\t\t<\/div>\n\t\t\t\t\t\t<\/div>\n\t\t\t\t<\/div>\n\t\t\t\t\t<\/div>\n\t\t<\/div>\n\t\t\t\t\t<\/div>\n\t\t<\/section>\n\t\t\t\t<section class=\"elementor-section elementor-top-section elementor-element elementor-element-64d403a3 elementor-section-boxed elementor-section-height-default elementor-section-height-default\" data-id=\"64d403a3\" data-element_type=\"section\" data-settings=\"{&quot;background_background&quot;:&quot;classic&quot;}\">\n\t\t\t\t\t\t<div class=\"elementor-container elementor-column-gap-default\">\n\t\t\t\t\t<div class=\"elementor-column elementor-col-100 elementor-top-column elementor-element elementor-element-64f5686\" data-id=\"64f5686\" data-element_type=\"column\">\n\t\t\t<div class=\"elementor-widget-wrap elementor-element-populated\">\n\t\t\t\t\t\t<div class=\"elementor-element elementor-element-476c8516 elementor-invisible elementor-widget elementor-widget-heading\" data-id=\"476c8516\" data-element_type=\"widget\" data-settings=\"{&quot;_animation&quot;:&quot;fadeInUp&quot;}\" data-widget_type=\"heading.default\">\n\t\t\t\t<div class=\"elementor-widget-container\">\n\t\t\t\t\t<h5 class=\"elementor-heading-title elementor-size-default\">Unternehmen<\/h5>\t\t\t\t<\/div>\n\t\t\t\t<\/div>\n\t\t\t\t<div class=\"elementor-element elementor-element-7c2eee88 elementor-invisible elementor-widget elementor-widget-heading\" data-id=\"7c2eee88\" data-element_type=\"widget\" data-settings=\"{&quot;_animation&quot;:&quot;fadeInUp&quot;}\" data-widget_type=\"heading.default\">\n\t\t\t\t<div class=\"elementor-widget-container\">\n\t\t\t\t\t<h2 class=\"elementor-heading-title elementor-size-default\">JAM CANARIAS IMPROVISIERT<\/h2>\t\t\t\t<\/div>\n\t\t\t\t<\/div>\n\t\t\t\t<section class=\"elementor-section elementor-inner-section elementor-element elementor-element-104cd8b elementor-reverse-mobile elementor-section-boxed elementor-section-height-default elementor-section-height-default\" data-id=\"104cd8b\" data-element_type=\"section\">\n\t\t\t\t\t\t<div class=\"elementor-container elementor-column-gap-default\">\n\t\t\t\t\t<div class=\"elementor-column elementor-col-50 elementor-inner-column elementor-element elementor-element-299f55c8 elementor-invisible\" data-id=\"299f55c8\" data-element_type=\"column\" data-settings=\"{&quot;animation&quot;:&quot;fadeInLeft&quot;}\">\n\t\t\t<div class=\"elementor-widget-wrap elementor-element-populated\">\n\t\t\t\t\t\t<div class=\"elementor-element elementor-element-67619341 elementor-widget elementor-widget-text-editor\" data-id=\"67619341\" data-element_type=\"widget\" data-widget_type=\"text-editor.default\">\n\t\t\t\t<div class=\"elementor-widget-container\">\n\t\t\t\t\t\t\t\t\t<p><span style=\"font-weight: 400;\">Der IMPRO JAM verspricht ein elektrisierender Abend mit Irene Alvarez und Guacimara Gil als Zeremonienmeister zu werden.<\/span><\/p><p><span style=\"font-weight: 400;\">  Sie beginnt bei<\/span> <span style=\"font-weight: 400;\">21:30 Uhr mit einer theatralischen Improvisationssitzung, bei der jeder mitspielen kann. Sch\u00fcler aus verschiedenen Schulen kommen und spielen mit allen Unternehmen, die zu dieser vierten Ausgabe von Canarias Improvisa kommen. Ein Abend, um sich frei zu f\u00fchlen und sich auf der B\u00fchne zu vergn\u00fcgen. Wer m\u00f6chte, kann aus dem Publikum kommen, es ist keine Erfahrung erforderlich, nur der Wunsch zu lachen und zu spielen.  <\/span><\/p>\t\t\t\t\t\t\t\t<\/div>\n\t\t\t\t<\/div>\n\t\t\t\t\t<\/div>\n\t\t<\/div>\n\t\t\t\t<div class=\"elementor-column elementor-col-50 elementor-inner-column elementor-element elementor-element-e74224b\" data-id=\"e74224b\" data-element_type=\"column\">\n\t\t\t<div class=\"elementor-widget-wrap elementor-element-populated\">\n\t\t\t\t\t\t<div class=\"elementor-element elementor-element-f360cff elementor-widget elementor-widget-image\" data-id=\"f360cff\" data-element_type=\"widget\" data-widget_type=\"image.default\">\n\t\t\t\t<div class=\"elementor-widget-container\">\n\t\t\t\t\t\t\t\t\t\t\t\t\t\t\t<img fetchpriority=\"high\" decoding=\"async\" width=\"768\" height=\"1086\" src=\"https:\/\/www.canariasimprovisa.com\/wp-content\/uploads\/2025\/09\/1-768x1086.png\" class=\"attachment-medium_large size-medium_large wp-image-6899\" alt=\"\" srcset=\"https:\/\/www.canariasimprovisa.com\/wp-content\/uploads\/2025\/09\/1-768x1086.png 768w, https:\/\/www.canariasimprovisa.com\/wp-content\/uploads\/2025\/09\/1-212x300.png 212w, https:\/\/www.canariasimprovisa.com\/wp-content\/uploads\/2025\/09\/1-724x1024.png 724w, https:\/\/www.canariasimprovisa.com\/wp-content\/uploads\/2025\/09\/1-1086x1536.png 1086w, https:\/\/www.canariasimprovisa.com\/wp-content\/uploads\/2025\/09\/1.png 1414w\" sizes=\"(max-width: 768px) 100vw, 768px\" \/>\t\t\t\t\t\t\t\t\t\t\t\t\t\t\t<\/div>\n\t\t\t\t<\/div>\n\t\t\t\t\t<\/div>\n\t\t<\/div>\n\t\t\t\t\t<\/div>\n\t\t<\/section>\n\t\t\t\t<section class=\"elementor-section elementor-inner-section elementor-element elementor-element-21267c98 elementor-section-content-middle elementor-section-boxed elementor-section-height-default elementor-section-height-default\" data-id=\"21267c98\" data-element_type=\"section\">\n\t\t\t\t\t\t<div class=\"elementor-container elementor-column-gap-no\">\n\t\t\t\t\t<div class=\"elementor-column elementor-col-100 elementor-inner-column elementor-element elementor-element-59e95b9 elementor-invisible\" data-id=\"59e95b9\" data-element_type=\"column\" data-settings=\"{&quot;animation&quot;:&quot;fadeInRight&quot;}\">\n\t\t\t<div class=\"elementor-widget-wrap elementor-element-populated\">\n\t\t\t\t\t\t<div class=\"elementor-element elementor-element-5eafd1eb elementor-widget elementor-widget-heading\" data-id=\"5eafd1eb\" data-element_type=\"widget\" data-widget_type=\"heading.default\">\n\t\t\t\t<div class=\"elementor-widget-container\">\n\t\t\t\t\t<h3 class=\"elementor-heading-title elementor-size-xl\">Jamming-Sitzungen<\/h3>\t\t\t\t<\/div>\n\t\t\t\t<\/div>\n\t\t\t\t<div class=\"elementor-element elementor-element-52c449ec elementor-widget-divider--view-line elementor-widget elementor-widget-divider\" data-id=\"52c449ec\" data-element_type=\"widget\" data-widget_type=\"divider.default\">\n\t\t\t\t<div class=\"elementor-widget-container\">\n\t\t\t\t\t\t\t<div class=\"elementor-divider\">\n\t\t\t<span class=\"elementor-divider-separator\">\n\t\t\t\t\t\t<\/span>\n\t\t<\/div>\n\t\t\t\t\t\t<\/div>\n\t\t\t\t<\/div>\n\t\t\t\t\t<\/div>\n\t\t<\/div>\n\t\t\t\t\t<\/div>\n\t\t<\/section>\n\t\t\t\t<section class=\"elementor-section elementor-inner-section elementor-element elementor-element-6bbda04 elementor-section-content-middle elementor-section-boxed elementor-section-height-default elementor-section-height-default\" data-id=\"6bbda04\" data-element_type=\"section\">\n\t\t\t\t\t\t<div class=\"elementor-container elementor-column-gap-no\">\n\t\t\t\t\t<div class=\"elementor-column elementor-col-100 elementor-inner-column elementor-element elementor-element-686efbc\" data-id=\"686efbc\" data-element_type=\"column\">\n\t\t\t<div class=\"elementor-widget-wrap elementor-element-populated\">\n\t\t\t\t\t\t<div class=\"elementor-element elementor-element-8f29b9c elementor-widget elementor-widget-video\" data-id=\"8f29b9c\" data-element_type=\"widget\" data-settings=\"{&quot;video_type&quot;:&quot;hosted&quot;,&quot;controls&quot;:&quot;yes&quot;}\" data-widget_type=\"video.default\">\n\t\t\t\t<div class=\"elementor-widget-container\">\n\t\t\t\t\t\t\t<div class=\"e-hosted-video elementor-wrapper elementor-open-inline\">\n\t\t\t\t\t<video class=\"elementor-video\" src=\"https:\/\/www.canariasimprovisa.com\/wp-content\/uploads\/2025\/08\/Teaser-Jam-Impro-48.mp4\" controls=\"\" preload=\"metadata\" controlsList=\"nodownload\"><\/video>\n\t\t\t\t<\/div>\n\t\t\t\t\t\t<\/div>\n\t\t\t\t<\/div>\n\t\t\t\t\t<\/div>\n\t\t<\/div>\n\t\t\t\t\t<\/div>\n\t\t<\/section>\n\t\t\t\t\t<\/div>\n\t\t<\/div>\n\t\t\t\t\t<\/div>\n\t\t<\/section>\n\t\t\t\t<\/div>\n\t\t","protected":false},"excerpt":{"rendered":"<p>Unternehmen JAM CANARIAS IMPROVISIERT Der IMPRO JAM verspricht ein elektrisierender Abend mit Irene Alvarez und Guacimara Gil als Zeremonienmeister zu werden. Unternehmen JAM CANARIAS IMPROVISIERT Der IMPRO JAM verspricht ein elektrisierender Abend mit Irene Alvarez und Guacimara Gil als Zeremonienmeister zu werden. Sie beginnt bei 21:30 Uhr mit einer theatralischen Improvisationssitzung, bei der jeder mitspielen [&hellip;]<\/p>\n","protected":false},"author":1,"featured_media":0,"parent":2677,"menu_order":0,"comment_status":"closed","ping_status":"closed","template":"elementor_header_footer","meta":{"footnotes":""},"class_list":["post-2702","page","type-page","status-publish","hentry"],"yoast_head":"<!-- This site is optimized with the Yoast SEO plugin v26.8 - https:\/\/yoast.com\/product\/yoast-seo-wordpress\/ -->\n<title>Jam Canarias Improvisa. An dem Festival teilnehmende Unternehmen<\/title>\n<meta name=\"description\" content=\"Der IMPRO JAM verspricht ein elektrisierender Abend mit Irene Alvarez und Guacimara Gil als Zeremonienmeister zu werden.\" \/>\n<meta name=\"robots\" content=\"index, follow, max-snippet:-1, max-image-preview:large, max-video-preview:-1\" \/>\n<link rel=\"canonical\" href=\"https:\/\/www.canariasimprovisa.com\/de\/unternehmen\/jamming\/\" \/>\n<meta property=\"og:locale\" content=\"de_DE\" \/>\n<meta property=\"og:type\" content=\"article\" \/>\n<meta property=\"og:title\" content=\"Jam Canarias Improvisa. An dem Festival teilnehmende Unternehmen\" \/>\n<meta property=\"og:description\" content=\"Der IMPRO JAM verspricht ein elektrisierender Abend mit Irene Alvarez und Guacimara Gil als Zeremonienmeister zu werden.\" \/>\n<meta property=\"og:url\" content=\"https:\/\/www.canariasimprovisa.com\/de\/unternehmen\/jamming\/\" \/>\n<meta property=\"og:site_name\" content=\"Festival Impro\" \/>\n<meta property=\"article:modified_time\" content=\"2025-09-10T06:41:55+00:00\" \/>\n<meta property=\"og:image\" content=\"https:\/\/www.canariasimprovisa.com\/wp-content\/uploads\/2025\/09\/1.png\" \/>\n\t<meta property=\"og:image:width\" content=\"1414\" \/>\n\t<meta property=\"og:image:height\" content=\"2000\" \/>\n\t<meta property=\"og:image:type\" content=\"image\/png\" \/>\n<meta name=\"twitter:card\" content=\"summary_large_image\" \/>\n<meta name=\"twitter:label1\" content=\"Gesch\u00e4tzte Lesezeit\" \/>\n\t<meta name=\"twitter:data1\" content=\"1\u00a0Minute\" \/>\n<script type=\"application\/ld+json\" class=\"yoast-schema-graph\">{\"@context\":\"https:\/\/schema.org\",\"@graph\":[{\"@type\":\"WebPage\",\"@id\":\"https:\/\/www.canariasimprovisa.com\/de\/unternehmen\/jamming\/\",\"url\":\"https:\/\/www.canariasimprovisa.com\/de\/unternehmen\/jamming\/\",\"name\":\"Jam Canarias Improvisa. An dem Festival teilnehmende Unternehmen\",\"isPartOf\":{\"@id\":\"https:\/\/www.canariasimprovisa.com\/de\/#website\"},\"primaryImageOfPage\":{\"@id\":\"https:\/\/www.canariasimprovisa.com\/de\/unternehmen\/jamming\/#primaryimage\"},\"image\":{\"@id\":\"https:\/\/www.canariasimprovisa.com\/de\/unternehmen\/jamming\/#primaryimage\"},\"thumbnailUrl\":\"https:\/\/www.canariasimprovisa.com\/wp-content\/uploads\/2025\/09\/1-768x1086.png\",\"datePublished\":\"2022-03-08T13:18:00+00:00\",\"dateModified\":\"2025-09-10T06:41:55+00:00\",\"description\":\"Der IMPRO JAM verspricht ein elektrisierender Abend mit Irene Alvarez und Guacimara Gil als Zeremonienmeister zu werden.\",\"breadcrumb\":{\"@id\":\"https:\/\/www.canariasimprovisa.com\/de\/unternehmen\/jamming\/#breadcrumb\"},\"inLanguage\":\"de\",\"potentialAction\":[{\"@type\":\"ReadAction\",\"target\":[\"https:\/\/www.canariasimprovisa.com\/de\/unternehmen\/jamming\/\"]}]},{\"@type\":\"ImageObject\",\"inLanguage\":\"de\",\"@id\":\"https:\/\/www.canariasimprovisa.com\/de\/unternehmen\/jamming\/#primaryimage\",\"url\":\"https:\/\/www.canariasimprovisa.com\/wp-content\/uploads\/2025\/09\/1-768x1086.png\",\"contentUrl\":\"https:\/\/www.canariasimprovisa.com\/wp-content\/uploads\/2025\/09\/1-768x1086.png\"},{\"@type\":\"BreadcrumbList\",\"@id\":\"https:\/\/www.canariasimprovisa.com\/de\/unternehmen\/jamming\/#breadcrumb\",\"itemListElement\":[{\"@type\":\"ListItem\",\"position\":1,\"name\":\"Portada\",\"item\":\"https:\/\/www.canariasimprovisa.com\/de\/\"},{\"@type\":\"ListItem\",\"position\":2,\"name\":\"Unternehmen\",\"item\":\"https:\/\/www.canariasimprovisa.com\/de\/companias\/\"},{\"@type\":\"ListItem\",\"position\":3,\"name\":\"JAM CANARIAS IMPROVISIERT\"}]},{\"@type\":\"WebSite\",\"@id\":\"https:\/\/www.canariasimprovisa.com\/de\/#website\",\"url\":\"https:\/\/www.canariasimprovisa.com\/de\/\",\"name\":\"Festival Impro\",\"description\":\"Festival de Improvisaci\u00f3n de Canarias.\",\"potentialAction\":[{\"@type\":\"SearchAction\",\"target\":{\"@type\":\"EntryPoint\",\"urlTemplate\":\"https:\/\/www.canariasimprovisa.com\/de\/?s={search_term_string}\"},\"query-input\":{\"@type\":\"PropertyValueSpecification\",\"valueRequired\":true,\"valueName\":\"search_term_string\"}}],\"inLanguage\":\"de\"}]}<\/script>\n<!-- \/ Yoast SEO plugin. -->","yoast_head_json":{"title":"Jam Canarias Improvisa. An dem Festival teilnehmende Unternehmen","description":"Der IMPRO JAM verspricht ein elektrisierender Abend mit Irene Alvarez und Guacimara Gil als Zeremonienmeister zu werden.","robots":{"index":"index","follow":"follow","max-snippet":"max-snippet:-1","max-image-preview":"max-image-preview:large","max-video-preview":"max-video-preview:-1"},"canonical":"https:\/\/www.canariasimprovisa.com\/de\/unternehmen\/jamming\/","og_locale":"de_DE","og_type":"article","og_title":"Jam Canarias Improvisa. An dem Festival teilnehmende Unternehmen","og_description":"Der IMPRO JAM verspricht ein elektrisierender Abend mit Irene Alvarez und Guacimara Gil als Zeremonienmeister zu werden.","og_url":"https:\/\/www.canariasimprovisa.com\/de\/unternehmen\/jamming\/","og_site_name":"Festival Impro","article_modified_time":"2025-09-10T06:41:55+00:00","og_image":[{"width":1414,"height":2000,"url":"https:\/\/www.canariasimprovisa.com\/wp-content\/uploads\/2025\/09\/1.png","type":"image\/png"}],"twitter_card":"summary_large_image","twitter_misc":{"Gesch\u00e4tzte Lesezeit":"1\u00a0Minute"},"schema":{"@context":"https:\/\/schema.org","@graph":[{"@type":"WebPage","@id":"https:\/\/www.canariasimprovisa.com\/de\/unternehmen\/jamming\/","url":"https:\/\/www.canariasimprovisa.com\/de\/unternehmen\/jamming\/","name":"Jam Canarias Improvisa. An dem Festival teilnehmende Unternehmen","isPartOf":{"@id":"https:\/\/www.canariasimprovisa.com\/de\/#website"},"primaryImageOfPage":{"@id":"https:\/\/www.canariasimprovisa.com\/de\/unternehmen\/jamming\/#primaryimage"},"image":{"@id":"https:\/\/www.canariasimprovisa.com\/de\/unternehmen\/jamming\/#primaryimage"},"thumbnailUrl":"https:\/\/www.canariasimprovisa.com\/wp-content\/uploads\/2025\/09\/1-768x1086.png","datePublished":"2022-03-08T13:18:00+00:00","dateModified":"2025-09-10T06:41:55+00:00","description":"Der IMPRO JAM verspricht ein elektrisierender Abend mit Irene Alvarez und Guacimara Gil als Zeremonienmeister zu werden.","breadcrumb":{"@id":"https:\/\/www.canariasimprovisa.com\/de\/unternehmen\/jamming\/#breadcrumb"},"inLanguage":"de","potentialAction":[{"@type":"ReadAction","target":["https:\/\/www.canariasimprovisa.com\/de\/unternehmen\/jamming\/"]}]},{"@type":"ImageObject","inLanguage":"de","@id":"https:\/\/www.canariasimprovisa.com\/de\/unternehmen\/jamming\/#primaryimage","url":"https:\/\/www.canariasimprovisa.com\/wp-content\/uploads\/2025\/09\/1-768x1086.png","contentUrl":"https:\/\/www.canariasimprovisa.com\/wp-content\/uploads\/2025\/09\/1-768x1086.png"},{"@type":"BreadcrumbList","@id":"https:\/\/www.canariasimprovisa.com\/de\/unternehmen\/jamming\/#breadcrumb","itemListElement":[{"@type":"ListItem","position":1,"name":"Portada","item":"https:\/\/www.canariasimprovisa.com\/de\/"},{"@type":"ListItem","position":2,"name":"Unternehmen","item":"https:\/\/www.canariasimprovisa.com\/de\/companias\/"},{"@type":"ListItem","position":3,"name":"JAM CANARIAS IMPROVISIERT"}]},{"@type":"WebSite","@id":"https:\/\/www.canariasimprovisa.com\/de\/#website","url":"https:\/\/www.canariasimprovisa.com\/de\/","name":"Festival Impro","description":"Festival de Improvisaci\u00f3n de Canarias.","potentialAction":[{"@type":"SearchAction","target":{"@type":"EntryPoint","urlTemplate":"https:\/\/www.canariasimprovisa.com\/de\/?s={search_term_string}"},"query-input":{"@type":"PropertyValueSpecification","valueRequired":true,"valueName":"search_term_string"}}],"inLanguage":"de"}]}},"_links":{"self":[{"href":"https:\/\/www.canariasimprovisa.com\/de\/wp-json\/wp\/v2\/pages\/2702","targetHints":{"allow":["GET"]}}],"collection":[{"href":"https:\/\/www.canariasimprovisa.com\/de\/wp-json\/wp\/v2\/pages"}],"about":[{"href":"https:\/\/www.canariasimprovisa.com\/de\/wp-json\/wp\/v2\/types\/page"}],"author":[{"embeddable":true,"href":"https:\/\/www.canariasimprovisa.com\/de\/wp-json\/wp\/v2\/users\/1"}],"replies":[{"embeddable":true,"href":"https:\/\/www.canariasimprovisa.com\/de\/wp-json\/wp\/v2\/comments?post=2702"}],"version-history":[{"count":5,"href":"https:\/\/www.canariasimprovisa.com\/de\/wp-json\/wp\/v2\/pages\/2702\/revisions"}],"predecessor-version":[{"id":7866,"href":"https:\/\/www.canariasimprovisa.com\/de\/wp-json\/wp\/v2\/pages\/2702\/revisions\/7866"}],"up":[{"embeddable":true,"href":"https:\/\/www.canariasimprovisa.com\/de\/wp-json\/wp\/v2\/pages\/2677"}],"wp:attachment":[{"href":"https:\/\/www.canariasimprovisa.com\/de\/wp-json\/wp\/v2\/media?parent=2702"}],"curies":[{"name":"wp","href":"https:\/\/api.w.org\/{rel}","templated":true}]}}